{"id":5,"date":"2018-05-12T11:31:10","date_gmt":"2018-05-12T11:31:10","guid":{"rendered":"http:\/\/www.medinic.co.rs\/test\/cart\/"},"modified":"2025-09-18T08:43:22","modified_gmt":"2025-09-18T08:43:22","slug":"korpa","status":"publish","type":"page","link":"https:\/\/www.medinic.co.rs\/prodavnica\/korpa\/","title":{"rendered":"Va\u0161a korpa"},"content":{"rendered":"<style>\n.informacija<br \/>{<br \/>    padding: 15px 8px 15px 8px;<br \/>    font-size: 14px;<br \/>    line-height: 1.5;<br \/>    background-color: #F7F7F7;<br \/>    color: #333;<br \/>    font-weight: bold;<br \/>    border-bottom-style: solid;<br \/>    border-bottom-width: 1px;<br \/>    border-bottom-color: #EAEAEA;<br \/>    border-top-style: solid;<br \/>    border-top-width: 1px;<br \/>    border-top-color: #EAEAEA;<br \/>    border-left-style: solid;<br \/>    border-left-width: 10px;<br \/>    border-left-color: #FFB900;<br \/>    border-right-style: solid;<br \/>    border-right-width: 1px;<br \/>    border-right-color: #EAEAEA;<br \/>}<br \/><\/style>\n<div class=\"informacija\">Besplatna dostava za narud\u017ebine ve\u0107e od 2.000 RSD.<\/div>\n<div class=\"informacija\">Isporuku vr\u0161imo Post Expressom, a za porud\u017ebine manje od 2.000,00 RSD iznose od 535,00-980,00 RSD u zavisnosti od te\u017eine i gabarita po\u0161iljke.<\/div>\n<div><\/div>\n\n","protected":false},"excerpt":{"rendered":"<p>Besplatna dostava za narud\u017ebine ve\u0107e od 2.000 RSD. Isporuku vr\u0161imo Post Expressom, a za porud\u017ebine manje od 2.000,00 RSD iznose od 535,00-980,00 RSD u zavisnosti od te\u017eine i gabarita po\u0161iljke.<\/p>\n","protected":false},"author":1,"featured_media":0,"parent":0,"menu_order":0,"comment_status":"closed","ping_status":"closed","template":"","meta":{"inline_featured_image":false,"footnotes":""},"yoast_head":"<!-- This site is optimized with the Yoast SEO plugin v21.5 - https:\/\/yoast.com\/wordpress\/plugins\/seo\/ -->\n<title>Va\u0161a korpa - MEDINIC PRODAVNICA<\/title>\n<meta name=\"robots\" content=\"index, follow, max-snippet:-1, max-image-preview:large, max-video-preview:-1\" \/>\n<link rel=\"canonical\" href=\"https:\/\/www.medinic.co.rs\/prodavnica\/korpa\/\" \/>\n<meta property=\"og:locale\" content=\"sr_RS\" \/>\n<meta property=\"og:type\" content=\"article\" \/>\n<meta property=\"og:title\" content=\"Va\u0161a korpa - MEDINIC PRODAVNICA\" \/>\n<meta property=\"og:description\" content=\"Besplatna dostava za narud\u017ebine ve\u0107e od 2.000 RSD. Isporuku vr\u0161imo Post Expressom, a za porud\u017ebine manje od 2.000,00 RSD iznose od 535,00-980,00 RSD u zavisnosti od te\u017eine i gabarita po\u0161iljke.\" \/>\n<meta property=\"og:url\" content=\"https:\/\/www.medinic.co.rs\/prodavnica\/korpa\/\" \/>\n<meta property=\"og:site_name\" content=\"MEDINIC PRODAVNICA\" \/>\n<meta property=\"article:modified_time\" content=\"2025-09-18T08:43:22+00:00\" \/>\n<meta name=\"twitter:card\" content=\"summary_large_image\" \/>\n<meta name=\"twitter:label1\" content=\"Procenjeno vreme \u010ditanja\" \/>\n\t<meta name=\"twitter:data1\" content=\"1 minut\" \/>\n<script type=\"application\/ld+json\" class=\"yoast-schema-graph\">{\"@context\":\"https:\/\/schema.org\",\"@graph\":[{\"@type\":\"WebPage\",\"@id\":\"https:\/\/www.medinic.co.rs\/prodavnica\/korpa\/\",\"url\":\"https:\/\/www.medinic.co.rs\/prodavnica\/korpa\/\",\"name\":\"Va\u0161a korpa - MEDINIC PRODAVNICA\",\"isPartOf\":{\"@id\":\"https:\/\/www.medinic.co.rs\/prodavnica\/#website\"},\"datePublished\":\"2018-05-12T11:31:10+00:00\",\"dateModified\":\"2025-09-18T08:43:22+00:00\",\"breadcrumb\":{\"@id\":\"https:\/\/www.medinic.co.rs\/prodavnica\/korpa\/#breadcrumb\"},\"inLanguage\":\"sr-RS\",\"potentialAction\":[{\"@type\":\"ReadAction\",\"target\":[\"https:\/\/www.medinic.co.rs\/prodavnica\/korpa\/\"]}]},{\"@type\":\"BreadcrumbList\",\"@id\":\"https:\/\/www.medinic.co.rs\/prodavnica\/korpa\/#breadcrumb\",\"itemListElement\":[{\"@type\":\"ListItem\",\"position\":1,\"name\":\"Home\",\"item\":\"https:\/\/www.medinic.co.rs\/prodavnica\/\"},{\"@type\":\"ListItem\",\"position\":2,\"name\":\"Va\u0161a korpa\"}]},{\"@type\":\"WebSite\",\"@id\":\"https:\/\/www.medinic.co.rs\/prodavnica\/#website\",\"url\":\"https:\/\/www.medinic.co.rs\/prodavnica\/\",\"name\":\"MEDINIC PRODAVNICA\",\"description\":\"\",\"publisher\":{\"@id\":\"https:\/\/www.medinic.co.rs\/prodavnica\/#organization\"},\"potentialAction\":[{\"@type\":\"SearchAction\",\"target\":{\"@type\":\"EntryPoint\",\"urlTemplate\":\"https:\/\/www.medinic.co.rs\/prodavnica\/?s={search_term_string}\"},\"query-input\":\"required name=search_term_string\"}],\"inLanguage\":\"sr-RS\"},{\"@type\":\"Organization\",\"@id\":\"https:\/\/www.medinic.co.rs\/prodavnica\/#organization\",\"name\":\"MEDINIC PRODAVNICA\",\"url\":\"https:\/\/www.medinic.co.rs\/prodavnica\/\",\"logo\":{\"@type\":\"ImageObject\",\"inLanguage\":\"sr-RS\",\"@id\":\"https:\/\/www.medinic.co.rs\/prodavnica\/#\/schema\/logo\/image\/\",\"url\":\"https:\/\/www.medinic.co.rs\/prodavnica\/wp-content\/uploads\/2023\/10\/medinic-logo.svg\",\"contentUrl\":\"https:\/\/www.medinic.co.rs\/prodavnica\/wp-content\/uploads\/2023\/10\/medinic-logo.svg\",\"width\":120,\"height\":25,\"caption\":\"MEDINIC PRODAVNICA\"},\"image\":{\"@id\":\"https:\/\/www.medinic.co.rs\/prodavnica\/#\/schema\/logo\/image\/\"}}]}<\/script>\n<!-- \/ Yoast SEO plugin. -->","yoast_head_json":{"title":"Va\u0161a korpa - MEDINIC PRODAVNICA","robots":{"index":"index","follow":"follow","max-snippet":"max-snippet:-1","max-image-preview":"max-image-preview:large","max-video-preview":"max-video-preview:-1"},"canonical":"https:\/\/www.medinic.co.rs\/prodavnica\/korpa\/","og_locale":"sr_RS","og_type":"article","og_title":"Va\u0161a korpa - MEDINIC PRODAVNICA","og_description":"Besplatna dostava za narud\u017ebine ve\u0107e od 2.000 RSD. Isporuku vr\u0161imo Post Expressom, a za porud\u017ebine manje od 2.000,00 RSD iznose od 535,00-980,00 RSD u zavisnosti od te\u017eine i gabarita po\u0161iljke.","og_url":"https:\/\/www.medinic.co.rs\/prodavnica\/korpa\/","og_site_name":"MEDINIC PRODAVNICA","article_modified_time":"2025-09-18T08:43:22+00:00","twitter_card":"summary_large_image","twitter_misc":{"Procenjeno vreme \u010ditanja":"1 minut"},"schema":{"@context":"https:\/\/schema.org","@graph":[{"@type":"WebPage","@id":"https:\/\/www.medinic.co.rs\/prodavnica\/korpa\/","url":"https:\/\/www.medinic.co.rs\/prodavnica\/korpa\/","name":"Va\u0161a korpa - MEDINIC PRODAVNICA","isPartOf":{"@id":"https:\/\/www.medinic.co.rs\/prodavnica\/#website"},"datePublished":"2018-05-12T11:31:10+00:00","dateModified":"2025-09-18T08:43:22+00:00","breadcrumb":{"@id":"https:\/\/www.medinic.co.rs\/prodavnica\/korpa\/#breadcrumb"},"inLanguage":"sr-RS","potentialAction":[{"@type":"ReadAction","target":["https:\/\/www.medinic.co.rs\/prodavnica\/korpa\/"]}]},{"@type":"BreadcrumbList","@id":"https:\/\/www.medinic.co.rs\/prodavnica\/korpa\/#breadcrumb","itemListElement":[{"@type":"ListItem","position":1,"name":"Home","item":"https:\/\/www.medinic.co.rs\/prodavnica\/"},{"@type":"ListItem","position":2,"name":"Va\u0161a korpa"}]},{"@type":"WebSite","@id":"https:\/\/www.medinic.co.rs\/prodavnica\/#website","url":"https:\/\/www.medinic.co.rs\/prodavnica\/","name":"MEDINIC PRODAVNICA","description":"","publisher":{"@id":"https:\/\/www.medinic.co.rs\/prodavnica\/#organization"},"potentialAction":[{"@type":"SearchAction","target":{"@type":"EntryPoint","urlTemplate":"https:\/\/www.medinic.co.rs\/prodavnica\/?s={search_term_string}"},"query-input":"required name=search_term_string"}],"inLanguage":"sr-RS"},{"@type":"Organization","@id":"https:\/\/www.medinic.co.rs\/prodavnica\/#organization","name":"MEDINIC PRODAVNICA","url":"https:\/\/www.medinic.co.rs\/prodavnica\/","logo":{"@type":"ImageObject","inLanguage":"sr-RS","@id":"https:\/\/www.medinic.co.rs\/prodavnica\/#\/schema\/logo\/image\/","url":"https:\/\/www.medinic.co.rs\/prodavnica\/wp-content\/uploads\/2023\/10\/medinic-logo.svg","contentUrl":"https:\/\/www.medinic.co.rs\/prodavnica\/wp-content\/uploads\/2023\/10\/medinic-logo.svg","width":120,"height":25,"caption":"MEDINIC PRODAVNICA"},"image":{"@id":"https:\/\/www.medinic.co.rs\/prodavnica\/#\/schema\/logo\/image\/"}}]}},"_links":{"self":[{"href":"https:\/\/www.medinic.co.rs\/prodavnica\/wp-json\/wp\/v2\/pages\/5"}],"collection":[{"href":"https:\/\/www.medinic.co.rs\/prodavnica\/wp-json\/wp\/v2\/pages"}],"about":[{"href":"https:\/\/www.medinic.co.rs\/prodavnica\/wp-json\/wp\/v2\/types\/page"}],"author":[{"embeddable":true,"href":"https:\/\/www.medinic.co.rs\/prodavnica\/wp-json\/wp\/v2\/users\/1"}],"replies":[{"embeddable":true,"href":"https:\/\/www.medinic.co.rs\/prodavnica\/wp-json\/wp\/v2\/comments?post=5"}],"version-history":[{"count":24,"href":"https:\/\/www.medinic.co.rs\/prodavnica\/wp-json\/wp\/v2\/pages\/5\/revisions"}],"predecessor-version":[{"id":9048,"href":"https:\/\/www.medinic.co.rs\/prodavnica\/wp-json\/wp\/v2\/pages\/5\/revisions\/9048"}],"wp:attachment":[{"href":"https:\/\/www.medinic.co.rs\/prodavnica\/wp-json\/wp\/v2\/media?parent=5"}],"curies":[{"name":"wp","href":"https:\/\/api.w.org\/{rel}","templated":true}]}}