{"id":7263,"date":"2023-10-10T00:21:06","date_gmt":"2023-10-10T00:21:06","guid":{"rendered":"https:\/\/www.medinic.co.rs\/prodavnica\/?page_id=7263"},"modified":"2023-10-10T14:30:20","modified_gmt":"2023-10-10T14:30:20","slug":"politika-privatnosti","status":"publish","type":"page","link":"https:\/\/www.medinic.co.rs\/prodavnica\/politika-privatnosti\/","title":{"rendered":"Politika privatnosti"},"content":{"rendered":"\n<p>Po\u0161tovani korisnici na\u0161e internet stranice medinic.co.rs, molimo vas da pa\u017eljivo pro\u010ditate ovu Politiku privatnosti, kako bi ste bili upoznati \u0161ta se smatra podatkom o li\u010dnosti, koji podaci o li\u010dnosti mogu da se obra\u0111uju i na koji na\u010din, koja je svrha i osnov obrade va\u0161ih li\u010dnih podataka, kako se \u0161tite i \u010duvaju va\u0161i li\u010dni podaci, ko je rukovalac podataka, upotreba kola\u010di\u0107a, linkovi sa drugim web stranicama, koja su va\u0161a prava, kome delimo i prenosimo va\u0161e li\u010dne podatke, kome se mo\u017eete obratiti pitanjem ili zahtevom kao i kom nadle\u017enom telu imate pravo da podnesete pritu\u017ebu.\n\nOva Politika privatnosti je u skladu sa Zakonom o za\u0161titi podataka o li\u010dnosti (\u201eSlu\u017ebeni glasnik RS\u201c, br. 87\/2018) i sa GDPR-om \u2013 Op\u0161ta uredba o za\u0161titi podataka o li\u010dnosti (EU) 2016\/679.\n\n<strong>Kada pristupate ili koristite usluge na\u0161e internet stranice, morate znati da ostavljate razli\u010dite podatke i da ste samim time dali svoj pristanak na prikupljanje i obradu va\u0161ih podata, ali isklju\u010divo samo u svrhu za koju ste ih dali.<\/strong><\/p>\n\n\n\n<br><br>\n<h3>\u0160ta se smatra podatkom o li\u010dnosti<\/h3>\n\u201ePodatak o li\u010dnosti\u201c je svaki podataka koji se odnosi na fizi\u010dko lice \u010diji je identitet odre\u0111en ili odrediv, neposredno ili posredno, kao \u0161to su ime i prezime, idetifikacioni ili mati\u010dni broj, podatak o lokaciji, e-mail adresa, mesto i adresa stanovanja, broj telefona ili mobilnog, kao i svi drugi dodatni podaci koje mo\u017eete ostaviti prilikom poru\u010divanja na\u0161ih proizvoda, popunjavanja razli\u010ditih prijava, upitnika, apliciranja za posao i sli\u010dno.\n<br><br>\n&nbsp;\n<h3>Podaci koje prikupljamo i obra\u0111ujemo<\/h3>\nLi\u010dni podaci:\n<ul>\n \t<li>Ime i prezime,<\/li>\n \t<li>E-mail adresa,<\/li>\n \t<li>Grad, ulica i broj stanovanja,<\/li>\n \t<li>Broj telefona ili mobilnog,<\/li>\n \t<li>Zdravstveni podaci<\/li>\n<\/ul>\nElektornski podaci:\n<ul>\n \t<li>IP adresa,<\/li>\n \t<li>Pretra\u017eiva\u010d koji koristite,<\/li>\n \t<li>Internet stranice koje pose\u0107ujete preko na\u0161e internet stranice,<\/li>\n \t<li>Vrstu ure\u0111aja koju koristite,<\/li>\n \t<li>Elektronske identifikatore.<\/li>\n<\/ul>\n<br>\n&nbsp;\n<h3>Svrha i osnov obrade li\u010dnih podataka<\/h3>\nVa\u0161i li\u010dni podaci obra\u0111uju se samo u svrhu za koju su neophodni odnosno samo za realizaciju odre\u0111ene svrhe.\n\nKada putem na\u0161e internet stranice \u017eelite da:\n<ul>\n \t<li>naru\u010dite proizvod,<\/li>\n \t<li>popunite prijavu ili upitnik koji vam je ponu\u0111en,<\/li>\n \t<li>prosledite zahtev ili pitanje,<\/li>\n \t<li>aplicirate za posao,<\/li>\n \t<li>ili vam je potrebna korisni\u010dka podr\u0161ka,<\/li>\n<\/ul>\nprikupljamo i obra\u0111ujemo va\u0161e li\u010dne podatke samo kako bi smo vam na najbolji na\u010din pru\u017eili uslugu, odgovorili na va\u0161e zahteve, pitanja, reklamacije ili da bih vas kontaktirali za radnu poziciju.\n\nPre nego \u0161to preduzmete bilo koju radnju koja podrazumeva davanje va\u0161ih li\u010dnih podataka, u obavezi ste da se upoznate sa na\u0161om Politikom privatnosti.\n\nObrada va\u0161ih li\u010dnih podataka nije dozvoljenja ukoliko je podatak koji se obra\u0111uje nepotreban ili nije neophodan za ostvarivanje svrhe obrade, kao i ukoliko su broj i vrsta podataka koji se obra\u0111uju nesrazmerni potrebnoj svrsi, \u0161to zna\u010di da je dozvoljeno obra\u0111ivati samo one podatke koji su o\u010digledno potrebni i primereni za ostvarivanje svrhe radi koje ste dali va\u0161e li\u010dne podatke.\n\n<strong>Elektronske podatke<\/strong> koje \u0107emo automatski dobiti kada koristite na\u0161u internet stranicu, ne prikupljamo, ne koristimo niti ih obra\u0111ujemo.\n\n<strong>Zdravstveni podaci<\/strong> se smatraju posebnom vrstom podataka o li\u010dnosti \u010dija je obrada podataka zabranjena bez izri\u010ditog pristanka fizi\u010dkog lica.\n\nZdravstvene podatke koje nam dobrovoljno dostavite kao dodatnu informaciju prilikom poru\u010divanja proizvoda ili slanja upita a koji se odnose na tip dijabetesa, terapiju, podatke o evidenciji merenja, ne obra\u0111ujemo. Obrada zdravstvenih podata mogu\u0107a je samo uz va\u0161u izjavu o pristanku.\n<br><br>\n&nbsp;\n<h3>Za\u0161tita i \u010duvanje li\u010dnih podataka<\/h3>\nKako bi smo za\u0161titili va\u0161e li\u010dne podatke sprovodimo administrativne, tehni\u010dke i fizi\u010dke mere za\u0161tite. Va\u0161i li\u010dni podaci su za\u0161ti\u0107eni \u0161ifrom kako bi se onemogu\u0107ila kra\u0111a, promena, neovla\u0161\u0107eni uvid, neovla\u0161\u0107eno i nezakonito kori\u0161\u0107enje i gubitak.\n\nVa\u0161i li\u010dni podaci se \u010duvaju na posebnom serveru koji je za\u0161ti\u0107en \u0161ifrom.\n\nPodaci prikupljeni po bilo kom osnovu, \u010duvaju se 12 meseci od momenta prikupljanja, nakon \u010dega se bri\u0161u a podaci u papirnoj formi se uni\u0161tavaju.\n\nUkoliko \u017eelite da va\u0161i podaci budu obrisani iz na\u0161e baze podataka odmah po realizaciji svrhe za koju su i prikupljeni, mo\u017eete uputiti zahtev na e-mail: politikaprivatnosti@medinic-b.com.\n\nIzuzetno od gore navedenog, li\u010dne podatke koje ste ostavili prilikom reklamacije na medicinsko sredstvo, prijave incidenta sa medicinskim sredstvom (prijava neispravnosti ili pogor\u0161anja karakteristika, odnosno performansi medicinskog sredstva, kao i neadekvatnost u obele\u017eavanju ili u uputstvu za upotrebu koji je, neposredno ili posredno, doveo ili je mogao da dovede do smrti pacijenta, korisnika ili drugog lica ili do ozbiljnog pogor\u0161anja njegovog zdravstvenog stanja), \u010duvamo 5 godina.\n<br><br>\n&nbsp;\n<h3>Rukovalac i obra\u0111iva\u010d podataka<\/h3>\nRukovalac i obra\u0111iva\u010d podataka je:\nMedinic export-import d.o.o, Dani\u010dareva br. 57. Beograd,\nmati\u010dni broj 07464592, PIB 100279686.\nTelefon: 00381 11 304 77 44\nInternet stranica: <a class=\"linkdja\" href=\"https:\/\/www.medinic.co.rs\/\">www.medinic.co.rs<\/a>\nE-mail adresa: <a class=\"linkdja\" href=\"mailto:office@medinic-b.com\">office@medinic-b.com<\/a>\n<br><br>\n&nbsp;\n<h3>Upotreba kola\u010di\u0107a<\/h3>\nUpotrebljavamo samo neophodne kola\u010di\u0107e koji su obavezni za rad na\u0161e internet stranice a koji vam omogu\u0107avaju kretanje po na\u0161oj internet strain i upotrebvljavanje njenih opcija.\n<br><br>\n&nbsp;\n<h3>Linkovi ka drugim internet stranicama<\/h3>\nNa\u0161a internet stranica sadr\u017ei linkove sa drugim internet stranicama koje nisu obuhva\u0107ene na\u0161om politikom privatnosti. Stoga internet stranice tre\u0107ih lica koristite o sopstvenom riziku.\n<br><br>\n&nbsp;\n<h3>Va\u0161a prava i na\u010din ostvarivanja<\/h3>\nU obavezi smo da vamp o va\u0161em zahtevu pru\u017eimo sve informacije u vezi sa ostvarivanjem va\u0161ih prava bez odlaganja a najkasnije u roku od 30 dana od dana prijema zahteva.\nU skladu sa Zakonom o za\u0161titi podataka o li\u010dnosti, imate pravo da budete informisani o slede\u0107em:\n<ul>\n \t<li>O identitetu i kontakt podacima Rukovaoca,<\/li>\n \t<li>O svrsi nameravane obrade i pravnom osnovu za obradu,<\/li>\n \t<li>O \u010dinjenici da li Rukovalac namerava da iznese podatke o li\u010dnosti u drugu dr\u017eavu, kao i o tome da li se ta dr\u017eava nalazi na listi dr\u017eava koje obezbe\u0111uju primereni nivo za\u0161tite podataka o li\u010dnosti,<\/li>\n \t<li>O roku \u010duvanja podataka o li\u010dnosti,<\/li>\n \t<li>O pravu da se od Rukovaoca zahteva pristup podacima koji se obra\u0111uju, ispravka neta\u010dnih podataka ili brisanje va\u0161ih podataka o li\u010dnosti ukoliko vi\u0161e nisu neophodni za ostvarivanje svrhe zbog koje su prikupljeni ili obra\u0111ivani,<\/li>\n \t<li>O pravu na kopije va\u0161ih li\u010dnih podata,<\/li>\n \t<li>O pravu na ograni\u010denje obrade va\u0161ih podataka,<\/li>\n \t<li>O pravu na opoziv pristanka u bilo koje vreme,<\/li>\n \t<li>O informaciji da li se vr\u0161i profilisanje,<\/li>\n \t<li>O pravu da se podnese pritu\u017eba Povereniku.<\/li>\n<\/ul>\nRukovalac ima pravo da od podnosioca zahteva zatra\u017ei dodatne informacije radi provere njegovog identiteta.\n<br><br>\n&nbsp;\n<h3>Na\u010din ostvarivanja za\u0161tite podataka o li\u010dnosti<\/h3>\nDu\u017eni smo da o povredi va\u0161ih li\u010dnih podataka, koja mo\u017ee da proizvede rizik po va\u0161a prava i slobode, obavestimo Vas i Poverenika bez odlaganja ili ako je to mogu\u0107e u roku od 72 \u010dasa od saznanja za povredu.\n\nUkoliko smatrate da je obrada va\u0161ih podataka o li\u010dnosti, izvr\u0161ena suprotno Zakonu o za\u0161titi podataka o li\u010dnosti, va\u0161a prava mo\u017eete ostvariti podno\u0161enjem zahteva na e-mail: <a class=\"linkdja\" href=\"mailto:politikaprivatnosti@medinic-b.com\">politikaprivatnosti@medinic-b.com<\/a> ili putem po\u0161te na adresu Medinic export-import d.o.o, Beograd, Dani\u010dareva 57.\nsa naznakom \u201cZa\u0161tita podataka o li\u010dnosti\u201d zajedno sa dokazima (ako postoje).\n\nNezavisno od podno\u0161enja zahteva za za\u0161titu podataka o li\u010dnosti, imate pravo:\n<ul>\n \t<li>Da podnese pritu\u017ebu Povereniku,<\/li>\n \t<li>Na sudsku za\u0161titu.<\/li>\n<\/ul>\nAko podnesete pritu\u017ebu Povereniku ima pravo da pokrene i druge postupke upravne ili sudske za\u0161tite bez obzira na podnetu pritu\u017ebu Povereniku.\n\nTako\u0111e imate pravo da bez obaveze obra\u0107anja Povereniku, tra\u017eite sudsku za\u0161titu podno\u0161enjem tu\u017ebe sudu. Tu\u017eba se podnosi vi\u0161em sudu na \u010dijoj teritoriji Rukovalac ima prebivali\u0161te odnosno sedi\u0161te ili na \u010dijoj teritoriji lice na koje se odnose podaci ima prebivali\u0161te.\n<br><br>\n&nbsp;\n<h3>Prenos podataka o li\u010dnosti<\/h3>\nVa\u0161i li\u010dni podaci mogu biti ustupljeni ili preneti:\n\n1. Tre\u0107im licima, kada je to potrebno radi izvr\u0161enja ugovornih obaveza koje se odnose na pru\u017eanje stru\u010dnih saveta ili konsultantskih usluga, koji se staraju da se unapredi rad samog sajta, koji rade na odr\u017eavanju I tehni\u010dkoj podr\u0161ci samog sajta. U ovoj situaciji se ustupaju samo podaci neophodni za ostvarenje svrhe ugovorene usluge i ne mogu ih koristiti za druge svrhe.\n\n2. Dr\u017eavnim organima, ako je ta obrada neophodna za obavljanje poslova nadle\u017enih dr\u017eavnih organa i ako je propisana shodno \u010dlanu 13. i \u010dlanu 100. Zakona o za\u0161titi podataka o li\u010dnosti.\n\n3. U drugu dr\u017eavu, bez va\u0161eg prethodnog odobrenja, ako je ta druga dr\u017eava \u010dlanica Konvencije Saveta Evrope o za\u0161titi lica u odnosu na automatsku obradu li\u010dnih podata jer ove \u010dlanice obezbe\u0111uju primereni nivo za\u0161tite podataka o li\u010dnosti.\n\n<strong>Izuzetno, podaci o li\u010dnosti korisnika na\u0161eg sajta mogu biti preneti na kompaniju Ascensia Diabetes Care \u0160vajcarska u EU ukoliko ste nam uputilu \u017ealbu koja se odnosi na prijavu ne\u017eeljenih dejstava medicinskog sredstva, \u010diji su proizvo\u0111a\u010di. U tom slu\u010daju, prenos podataka je za\u0161ti\u0107en posebnom \u0161ifrom.<\/strong>\n<br><br>\n&nbsp;\n<h3>Izmene politike privatnosti<\/h3>\nIzmena Politike privatnosti je mogu\u0107a uvek kada je to uslovljeno Zakonom o za\u0161titi podataka o li\u010dnosti, kada plasiramo nove usluge ili vr\u0161imo obradu Va\u0161ih podataka u nove svrhe.\n\nA\u017eurirana I izmenjena Politika privatnosti bi\u0107e dostupna na na\u0161em sajtu sa naznakom da se radi o izmenjoj i a\u017euriranoj verziji, stoga Vas molimo da na\u0161u Politiku privatnosti redovno proveravate.\n<br><br>\n&nbsp;\n<h3>Zavr\u0161ne odredbe<\/h3>\nSva pitanja, zahtevi, primedbe u vezi sa ovom Politikom privatnosti mogu se uputiti na\ne-mail adresu: <a class=\"linkdja\" href=\"mailto:politikaprivatnosti@medinic-b.com\">politikaprivatnosti@medinic-b.com<\/a> ili\nputem po\u0161te na adresu Medinic export-import d.o.o, Beograd, Dani\u010dareva 57.\n\nOva Politika privatnosti stupa na snagu 15.01.2020. godine\n\n\n\n<p><\/p>\n","protected":false},"excerpt":{"rendered":"<p>Po\u0161tovani korisnici na\u0161e internet stranice medinic.co.rs, molimo vas da pa\u017eljivo pro\u010ditate ovu Politiku privatnosti, kako bi ste bili upoznati \u0161ta se smatra podatkom o li\u010dnosti, koji podaci o li\u010dnosti mogu da se obra\u0111uju i na koji na\u010din, koja je svrha i osnov obrade va\u0161ih li\u010dnih podataka, kako se \u0161tite i \u010duvaju va\u0161i li\u010dni podaci, ko [&hellip;]<\/p>\n","protected":false},"author":1,"featured_media":0,"parent":0,"menu_order":0,"comment_status":"closed","ping_status":"closed","template":"","meta":{"inline_featured_image":false,"footnotes":""},"yoast_head":"<!-- This site is optimized with the Yoast SEO plugin v21.5 - https:\/\/yoast.com\/wordpress\/plugins\/seo\/ -->\n<title>Politika privatnosti - MEDINIC PRODAVNICA<\/title>\n<meta name=\"robots\" content=\"index, follow, max-snippet:-1, max-image-preview:large, max-video-preview:-1\" \/>\n<link rel=\"canonical\" href=\"https:\/\/www.medinic.co.rs\/prodavnica\/politika-privatnosti\/\" \/>\n<meta property=\"og:locale\" content=\"sr_RS\" \/>\n<meta property=\"og:type\" content=\"article\" \/>\n<meta property=\"og:title\" content=\"Politika privatnosti - MEDINIC PRODAVNICA\" \/>\n<meta property=\"og:description\" content=\"Po\u0161tovani korisnici na\u0161e internet stranice medinic.co.rs, molimo vas da pa\u017eljivo pro\u010ditate ovu Politiku privatnosti, kako bi ste bili upoznati \u0161ta se smatra podatkom o li\u010dnosti, koji podaci o li\u010dnosti mogu da se obra\u0111uju i na koji na\u010din, koja je svrha i osnov obrade va\u0161ih li\u010dnih podataka, kako se \u0161tite i \u010duvaju va\u0161i li\u010dni podaci, ko [&hellip;]\" \/>\n<meta property=\"og:url\" content=\"https:\/\/www.medinic.co.rs\/prodavnica\/politika-privatnosti\/\" \/>\n<meta property=\"og:site_name\" content=\"MEDINIC PRODAVNICA\" \/>\n<meta property=\"article:modified_time\" content=\"2023-10-10T14:30:20+00:00\" \/>\n<meta name=\"twitter:card\" content=\"summary_large_image\" \/>\n<meta name=\"twitter:label1\" content=\"Procenjeno vreme \u010ditanja\" \/>\n\t<meta name=\"twitter:data1\" content=\"8 minuta\" \/>\n<script type=\"application\/ld+json\" class=\"yoast-schema-graph\">{\"@context\":\"https:\/\/schema.org\",\"@graph\":[{\"@type\":\"WebPage\",\"@id\":\"https:\/\/www.medinic.co.rs\/prodavnica\/politika-privatnosti\/\",\"url\":\"https:\/\/www.medinic.co.rs\/prodavnica\/politika-privatnosti\/\",\"name\":\"Politika privatnosti - MEDINIC PRODAVNICA\",\"isPartOf\":{\"@id\":\"https:\/\/www.medinic.co.rs\/prodavnica\/#website\"},\"datePublished\":\"2023-10-10T00:21:06+00:00\",\"dateModified\":\"2023-10-10T14:30:20+00:00\",\"breadcrumb\":{\"@id\":\"https:\/\/www.medinic.co.rs\/prodavnica\/politika-privatnosti\/#breadcrumb\"},\"inLanguage\":\"sr-RS\",\"potentialAction\":[{\"@type\":\"ReadAction\",\"target\":[\"https:\/\/www.medinic.co.rs\/prodavnica\/politika-privatnosti\/\"]}]},{\"@type\":\"BreadcrumbList\",\"@id\":\"https:\/\/www.medinic.co.rs\/prodavnica\/politika-privatnosti\/#breadcrumb\",\"itemListElement\":[{\"@type\":\"ListItem\",\"position\":1,\"name\":\"Home\",\"item\":\"https:\/\/www.medinic.co.rs\/prodavnica\/\"},{\"@type\":\"ListItem\",\"position\":2,\"name\":\"Politika privatnosti\"}]},{\"@type\":\"WebSite\",\"@id\":\"https:\/\/www.medinic.co.rs\/prodavnica\/#website\",\"url\":\"https:\/\/www.medinic.co.rs\/prodavnica\/\",\"name\":\"MEDINIC PRODAVNICA\",\"description\":\"\",\"publisher\":{\"@id\":\"https:\/\/www.medinic.co.rs\/prodavnica\/#organization\"},\"potentialAction\":[{\"@type\":\"SearchAction\",\"target\":{\"@type\":\"EntryPoint\",\"urlTemplate\":\"https:\/\/www.medinic.co.rs\/prodavnica\/?s={search_term_string}\"},\"query-input\":\"required name=search_term_string\"}],\"inLanguage\":\"sr-RS\"},{\"@type\":\"Organization\",\"@id\":\"https:\/\/www.medinic.co.rs\/prodavnica\/#organization\",\"name\":\"MEDINIC PRODAVNICA\",\"url\":\"https:\/\/www.medinic.co.rs\/prodavnica\/\",\"logo\":{\"@type\":\"ImageObject\",\"inLanguage\":\"sr-RS\",\"@id\":\"https:\/\/www.medinic.co.rs\/prodavnica\/#\/schema\/logo\/image\/\",\"url\":\"https:\/\/www.medinic.co.rs\/prodavnica\/wp-content\/uploads\/2023\/10\/medinic-logo.svg\",\"contentUrl\":\"https:\/\/www.medinic.co.rs\/prodavnica\/wp-content\/uploads\/2023\/10\/medinic-logo.svg\",\"width\":120,\"height\":25,\"caption\":\"MEDINIC PRODAVNICA\"},\"image\":{\"@id\":\"https:\/\/www.medinic.co.rs\/prodavnica\/#\/schema\/logo\/image\/\"}}]}<\/script>\n<!-- \/ Yoast SEO plugin. -->","yoast_head_json":{"title":"Politika privatnosti - MEDINIC PRODAVNICA","robots":{"index":"index","follow":"follow","max-snippet":"max-snippet:-1","max-image-preview":"max-image-preview:large","max-video-preview":"max-video-preview:-1"},"canonical":"https:\/\/www.medinic.co.rs\/prodavnica\/politika-privatnosti\/","og_locale":"sr_RS","og_type":"article","og_title":"Politika privatnosti - MEDINIC PRODAVNICA","og_description":"Po\u0161tovani korisnici na\u0161e internet stranice medinic.co.rs, molimo vas da pa\u017eljivo pro\u010ditate ovu Politiku privatnosti, kako bi ste bili upoznati \u0161ta se smatra podatkom o li\u010dnosti, koji podaci o li\u010dnosti mogu da se obra\u0111uju i na koji na\u010din, koja je svrha i osnov obrade va\u0161ih li\u010dnih podataka, kako se \u0161tite i \u010duvaju va\u0161i li\u010dni podaci, ko [&hellip;]","og_url":"https:\/\/www.medinic.co.rs\/prodavnica\/politika-privatnosti\/","og_site_name":"MEDINIC PRODAVNICA","article_modified_time":"2023-10-10T14:30:20+00:00","twitter_card":"summary_large_image","twitter_misc":{"Procenjeno vreme \u010ditanja":"8 minuta"},"schema":{"@context":"https:\/\/schema.org","@graph":[{"@type":"WebPage","@id":"https:\/\/www.medinic.co.rs\/prodavnica\/politika-privatnosti\/","url":"https:\/\/www.medinic.co.rs\/prodavnica\/politika-privatnosti\/","name":"Politika privatnosti - MEDINIC PRODAVNICA","isPartOf":{"@id":"https:\/\/www.medinic.co.rs\/prodavnica\/#website"},"datePublished":"2023-10-10T00:21:06+00:00","dateModified":"2023-10-10T14:30:20+00:00","breadcrumb":{"@id":"https:\/\/www.medinic.co.rs\/prodavnica\/politika-privatnosti\/#breadcrumb"},"inLanguage":"sr-RS","potentialAction":[{"@type":"ReadAction","target":["https:\/\/www.medinic.co.rs\/prodavnica\/politika-privatnosti\/"]}]},{"@type":"BreadcrumbList","@id":"https:\/\/www.medinic.co.rs\/prodavnica\/politika-privatnosti\/#breadcrumb","itemListElement":[{"@type":"ListItem","position":1,"name":"Home","item":"https:\/\/www.medinic.co.rs\/prodavnica\/"},{"@type":"ListItem","position":2,"name":"Politika privatnosti"}]},{"@type":"WebSite","@id":"https:\/\/www.medinic.co.rs\/prodavnica\/#website","url":"https:\/\/www.medinic.co.rs\/prodavnica\/","name":"MEDINIC PRODAVNICA","description":"","publisher":{"@id":"https:\/\/www.medinic.co.rs\/prodavnica\/#organization"},"potentialAction":[{"@type":"SearchAction","target":{"@type":"EntryPoint","urlTemplate":"https:\/\/www.medinic.co.rs\/prodavnica\/?s={search_term_string}"},"query-input":"required name=search_term_string"}],"inLanguage":"sr-RS"},{"@type":"Organization","@id":"https:\/\/www.medinic.co.rs\/prodavnica\/#organization","name":"MEDINIC PRODAVNICA","url":"https:\/\/www.medinic.co.rs\/prodavnica\/","logo":{"@type":"ImageObject","inLanguage":"sr-RS","@id":"https:\/\/www.medinic.co.rs\/prodavnica\/#\/schema\/logo\/image\/","url":"https:\/\/www.medinic.co.rs\/prodavnica\/wp-content\/uploads\/2023\/10\/medinic-logo.svg","contentUrl":"https:\/\/www.medinic.co.rs\/prodavnica\/wp-content\/uploads\/2023\/10\/medinic-logo.svg","width":120,"height":25,"caption":"MEDINIC PRODAVNICA"},"image":{"@id":"https:\/\/www.medinic.co.rs\/prodavnica\/#\/schema\/logo\/image\/"}}]}},"_links":{"self":[{"href":"https:\/\/www.medinic.co.rs\/prodavnica\/wp-json\/wp\/v2\/pages\/7263"}],"collection":[{"href":"https:\/\/www.medinic.co.rs\/prodavnica\/wp-json\/wp\/v2\/pages"}],"about":[{"href":"https:\/\/www.medinic.co.rs\/prodavnica\/wp-json\/wp\/v2\/types\/page"}],"author":[{"embeddable":true,"href":"https:\/\/www.medinic.co.rs\/prodavnica\/wp-json\/wp\/v2\/users\/1"}],"replies":[{"embeddable":true,"href":"https:\/\/www.medinic.co.rs\/prodavnica\/wp-json\/wp\/v2\/comments?post=7263"}],"version-history":[{"count":12,"href":"https:\/\/www.medinic.co.rs\/prodavnica\/wp-json\/wp\/v2\/pages\/7263\/revisions"}],"predecessor-version":[{"id":7315,"href":"https:\/\/www.medinic.co.rs\/prodavnica\/wp-json\/wp\/v2\/pages\/7263\/revisions\/7315"}],"wp:attachment":[{"href":"https:\/\/www.medinic.co.rs\/prodavnica\/wp-json\/wp\/v2\/media?parent=7263"}],"curies":[{"name":"wp","href":"https:\/\/api.w.org\/{rel}","templated":true}]}}