{"id":1164,"date":"2019-04-02T13:48:09","date_gmt":"2019-04-02T13:48:09","guid":{"rendered":"http:\/\/www.medinic.co.rs\/prodavnica\/?post_type=product&#038;p=1164"},"modified":"2026-01-23T15:20:35","modified_gmt":"2026-01-23T15:20:35","slug":"promo-set-sg-futrola","status":"publish","type":"product","link":"https:\/\/www.medinic.co.rs\/prodavnica\/proizvod\/promo-set-sg-futrola\/","title":{"rendered":"SugrBag rashladne FUTROLE"},"content":{"rendered":"<h3><em><strong>SUGRBAG rashladne FUTROLE za insulin<\/strong><\/em><\/h3>\n<p><strong>Re\u0161enje dizajnirano da \u010duva jedan pen insulina na odgovaraju\u0107oj temperaturi do 5 sati.<\/strong><\/p>\n<p>Prema preporukama proizvo\u0111a\u010da, insulin koji se koristi treba dr\u017eati u odgovaraju\u0107em penu, ne \u010duvati u fri\u017eideru, za\u0161ti\u0107enog od svetlosti, na temperaturi koja ne prelazi 30 \u00b0C (kod nekih insulina i do 25 \u00b0C).<\/p>\n<p>Sugrbag rashladne futrole su dizajnirane tako da posti\u017eu i odr\u017eavaju do 5 sati temperaturu optimalnu za \u010duvanje insulina (temperaturu od 18 \u00b0C &#8211; 26 \u00b0C), \u010dak i u situacijama kada je spoljna temperatura konstantno oko 38 \u00b0C.<\/p>\n<ul>\n<li><strong> Idealno za kra\u0107a putovanja, \u010duva Va\u0161 insulin na sigurnom, u va\u0161em d\u017eepu, i do 5 sati,<\/strong><\/li>\n<li><strong> Mala futrola, zauzima malo mesta u Va\u0161em d\u017eepu,<\/strong><\/li>\n<li><strong> Rashladna SugrBag futrola je modernog dizajna,<\/strong><\/li>\n<li><strong> Tri za\u0161titna sloja \u0161tite Va\u0161 pen od raznih spolja\u0161njih uticaja, ali i od fizi\u010dkog o\u0161te\u0107enja,<\/strong><\/li>\n<li><strong> Odgovara svim penovima dostupnim na tr\u017ei\u0161tu,<\/strong><\/li>\n<li><strong> Dostupana u vi\u0161e razli\u010ditih boja.<\/strong><\/li>\n<\/ul>\n<p><strong>Na\u010din upotrebe<\/strong><\/p>\n<p>Na\u010din upotrebe Sugrbag rashladne futorle je vrlo jednostavan:<\/p>\n<p>1.Futrolu smestite u fri\u017eider, NE U ZAMRZIVA\u010c.<\/p>\n<p>2.Nakon 2h futrola je spremna za kori\u0161\u0107enje narednih 5h na temperaturama do 38\u00b0C.<\/p>\n<p><strong>\u010cuvanje i \u010di\u0161\u0107enje<\/strong><\/p>\n<p>Sugrbag rashladne futrole se mogu prati toplom vodom i blagim deterd\u017eentom. U istu svrhu mogu se koristiti i antibakterijska sredstva za \u010di\u0161\u0107enje u spreju ili antibakterijske maramice za decu ili za upotrebu u kuhinji.<\/p>\n<p><strong>Dodatne informacije<\/strong><\/p>\n<p>Sugrbag rashladne torbice mogu da reaguju razli\u010dito na razli\u010dite klimatske uslove. Gore date instrukcije su op\u0161teg tipa. Ukoliko se Sugrbag rashladne futrole koriste na opisan na\u010din bi\u0107e od koristi du\u017ei vremenski period. Proizvo\u0111a\u010dka garancija na proizvod je 12 meseci. Na rok upotrebe bitno uti\u010du klimatski uslovi kao i u\u010destalost upotrebe.<\/p>\n<p>&nbsp;<\/p>\n","protected":false},"excerpt":{"rendered":"<p><strong>Re\u0161enje dizajnirano da \u010duva jedan pen insulina na odgovaraju\u0107oj temperaturi do 5 sati.<\/strong><\/p>\n<p>Sugrbag rashladne futrole su dizajnirane tako da posti\u017eu i odr\u017eavaju do 5 sati temperaturu optimalnu za \u010duvanje insulina (temperaturu od 18 \u00b0C &#8211; 26 \u00b0C), \u010dak i u situacijama kada je spoljna temperatura konstantno oko 38 \u00b0C.<\/p>\n<p><strong>Idealno za kra\u0107a putovanja, \u010duva Va\u0161 insulin na sigurnom, u va\u0161em d\u017eepu, i do 5 sati.<\/strong><\/p>\n<p>Dimenzije: \u0161irina 5cm x du\u017eina 20cm<\/p>\n<p>Garancija: 1 godina.<\/p>\n<p>Rok upotrebe: Na rok upotrebe bitno uti\u010du klimatski uslovi kao i u\u010destalost upotrebe.<\/p>\n<p><strong>Proizvo\u0111a\u010d:<\/strong> SUGR Germany GMBH<br \/>\n<strong>Zemlja porekla: <\/strong>Nema\u010dka<\/p>\n<p><strong>**Prilikom naru\u010divanja u rubrici \u201eNAPOMENA\u201c mo\u017eete nazna\u010diti boju SugrBag rashladne futrole za insulin koju \u017eelite u setu.\u00a0 SugrBag rashladne futrole za insulin trenutno su dostupne u slede\u0107im bojama: crna, pesak, ljubi\u010dasta i\u00a0 cyan plava (rezedo kao na slici)<\/strong><\/p>\n<p>&nbsp;<\/p>\n","protected":false},"featured_media":5634,"comment_status":"open","ping_status":"closed","template":"","meta":{"inline_featured_image":false},"product_cat":[31],"product_tag":[],"yoast_head":"<!-- This site is optimized with the Yoast SEO plugin v21.5 - https:\/\/yoast.com\/wordpress\/plugins\/seo\/ -->\n<title>SugrBag rashladne FUTROLE - MEDINIC PRODAVNICA<\/title>\n<meta name=\"robots\" content=\"index, follow, max-snippet:-1, max-image-preview:large, max-video-preview:-1\" \/>\n<link rel=\"canonical\" href=\"https:\/\/www.medinic.co.rs\/prodavnica\/proizvod\/promo-set-sg-futrola\/\" \/>\n<meta property=\"og:locale\" content=\"sr_RS\" \/>\n<meta property=\"og:type\" content=\"article\" \/>\n<meta property=\"og:title\" content=\"SugrBag rashladne FUTROLE - MEDINIC PRODAVNICA\" \/>\n<meta property=\"og:description\" content=\"Re\u0161enje dizajnirano da \u010duva jedan pen insulina na odgovaraju\u0107oj temperaturi do 5 sati.  Sugrbag rashladne futrole su dizajnirane tako da posti\u017eu i odr\u017eavaju do 5 sati temperaturu optimalnu za \u010duvanje insulina (temperaturu od 18 \u00b0C - 26 \u00b0C), \u010dak i u situacijama kada je spoljna temperatura konstantno oko 38 \u00b0C.  Idealno za kra\u0107a putovanja, \u010duva Va\u0161 insulin na sigurnom, u va\u0161em d\u017eepu, i do 5 sati.  Dimenzije: \u0161irina 5cm x du\u017eina 20cm  Garancija: 1 godina.  Rok upotrebe: Na rok upotrebe bitno uti\u010du klimatski uslovi kao i u\u010destalost upotrebe.  Proizvo\u0111a\u010d: SUGR Germany GMBH Zemlja porekla: Nema\u010dka  **Prilikom naru\u010divanja u rubrici \u201eNAPOMENA\u201c mo\u017eete nazna\u010diti boju SugrBag rashladne futrole za insulin koju \u017eelite u setu.\u00a0 SugrBag rashladne futrole za insulin trenutno su dostupne u slede\u0107im bojama: crna, pesak, ljubi\u010dasta i\u00a0 cyan plava (rezedo kao na slici)  &nbsp;\" \/>\n<meta property=\"og:url\" content=\"https:\/\/www.medinic.co.rs\/prodavnica\/proizvod\/promo-set-sg-futrola\/\" \/>\n<meta property=\"og:site_name\" content=\"MEDINIC PRODAVNICA\" \/>\n<meta property=\"article:modified_time\" content=\"2026-01-23T15:20:35+00:00\" \/>\n<meta property=\"og:image\" content=\"https:\/\/www.medinic.co.rs\/prodavnica\/wp-content\/uploads\/2019\/04\/SB-futrole-2.jpg\" \/>\n\t<meta property=\"og:image:width\" content=\"1143\" \/>\n\t<meta property=\"og:image:height\" content=\"1648\" \/>\n\t<meta property=\"og:image:type\" content=\"image\/jpeg\" \/>\n<meta name=\"twitter:card\" content=\"summary_large_image\" \/>\n<meta name=\"twitter:label1\" content=\"Procenjeno vreme \u010ditanja\" \/>\n\t<meta name=\"twitter:data1\" content=\"2 minuta\" \/>\n<script type=\"application\/ld+json\" class=\"yoast-schema-graph\">{\"@context\":\"https:\/\/schema.org\",\"@graph\":[{\"@type\":\"WebPage\",\"@id\":\"https:\/\/www.medinic.co.rs\/prodavnica\/proizvod\/promo-set-sg-futrola\/\",\"url\":\"https:\/\/www.medinic.co.rs\/prodavnica\/proizvod\/promo-set-sg-futrola\/\",\"name\":\"SugrBag rashladne FUTROLE - MEDINIC PRODAVNICA\",\"isPartOf\":{\"@id\":\"https:\/\/www.medinic.co.rs\/prodavnica\/#website\"},\"datePublished\":\"2019-04-02T13:48:09+00:00\",\"dateModified\":\"2026-01-23T15:20:35+00:00\",\"breadcrumb\":{\"@id\":\"https:\/\/www.medinic.co.rs\/prodavnica\/proizvod\/promo-set-sg-futrola\/#breadcrumb\"},\"inLanguage\":\"sr-RS\",\"potentialAction\":[{\"@type\":\"ReadAction\",\"target\":[\"https:\/\/www.medinic.co.rs\/prodavnica\/proizvod\/promo-set-sg-futrola\/\"]}]},{\"@type\":\"BreadcrumbList\",\"@id\":\"https:\/\/www.medinic.co.rs\/prodavnica\/proizvod\/promo-set-sg-futrola\/#breadcrumb\",\"itemListElement\":[{\"@type\":\"ListItem\",\"position\":1,\"name\":\"Home\",\"item\":\"https:\/\/www.medinic.co.rs\/prodavnica\/\"},{\"@type\":\"ListItem\",\"position\":2,\"name\":\"Proizvodi\",\"item\":\"https:\/\/www.medinic.co.rs\/prodavnica\/\"},{\"@type\":\"ListItem\",\"position\":3,\"name\":\"SugrBag rashladne FUTROLE\"}]},{\"@type\":\"WebSite\",\"@id\":\"https:\/\/www.medinic.co.rs\/prodavnica\/#website\",\"url\":\"https:\/\/www.medinic.co.rs\/prodavnica\/\",\"name\":\"MEDINIC PRODAVNICA\",\"description\":\"\",\"publisher\":{\"@id\":\"https:\/\/www.medinic.co.rs\/prodavnica\/#organization\"},\"potentialAction\":[{\"@type\":\"SearchAction\",\"target\":{\"@type\":\"EntryPoint\",\"urlTemplate\":\"https:\/\/www.medinic.co.rs\/prodavnica\/?s={search_term_string}\"},\"query-input\":\"required name=search_term_string\"}],\"inLanguage\":\"sr-RS\"},{\"@type\":\"Organization\",\"@id\":\"https:\/\/www.medinic.co.rs\/prodavnica\/#organization\",\"name\":\"MEDINIC PRODAVNICA\",\"url\":\"https:\/\/www.medinic.co.rs\/prodavnica\/\",\"logo\":{\"@type\":\"ImageObject\",\"inLanguage\":\"sr-RS\",\"@id\":\"https:\/\/www.medinic.co.rs\/prodavnica\/#\/schema\/logo\/image\/\",\"url\":\"https:\/\/www.medinic.co.rs\/prodavnica\/wp-content\/uploads\/2023\/10\/medinic-logo.svg\",\"contentUrl\":\"https:\/\/www.medinic.co.rs\/prodavnica\/wp-content\/uploads\/2023\/10\/medinic-logo.svg\",\"width\":120,\"height\":25,\"caption\":\"MEDINIC PRODAVNICA\"},\"image\":{\"@id\":\"https:\/\/www.medinic.co.rs\/prodavnica\/#\/schema\/logo\/image\/\"}}]}<\/script>\n<!-- \/ Yoast SEO plugin. -->","yoast_head_json":{"title":"SugrBag rashladne FUTROLE - MEDINIC PRODAVNICA","robots":{"index":"index","follow":"follow","max-snippet":"max-snippet:-1","max-image-preview":"max-image-preview:large","max-video-preview":"max-video-preview:-1"},"canonical":"https:\/\/www.medinic.co.rs\/prodavnica\/proizvod\/promo-set-sg-futrola\/","og_locale":"sr_RS","og_type":"article","og_title":"SugrBag rashladne FUTROLE - MEDINIC PRODAVNICA","og_description":"Re\u0161enje dizajnirano da \u010duva jedan pen insulina na odgovaraju\u0107oj temperaturi do 5 sati.  Sugrbag rashladne futrole su dizajnirane tako da posti\u017eu i odr\u017eavaju do 5 sati temperaturu optimalnu za \u010duvanje insulina (temperaturu od 18 \u00b0C - 26 \u00b0C), \u010dak i u situacijama kada je spoljna temperatura konstantno oko 38 \u00b0C.  Idealno za kra\u0107a putovanja, \u010duva Va\u0161 insulin na sigurnom, u va\u0161em d\u017eepu, i do 5 sati.  Dimenzije: \u0161irina 5cm x du\u017eina 20cm  Garancija: 1 godina.  Rok upotrebe: Na rok upotrebe bitno uti\u010du klimatski uslovi kao i u\u010destalost upotrebe.  Proizvo\u0111a\u010d: SUGR Germany GMBH Zemlja porekla: Nema\u010dka  **Prilikom naru\u010divanja u rubrici \u201eNAPOMENA\u201c mo\u017eete nazna\u010diti boju SugrBag rashladne futrole za insulin koju \u017eelite u setu.\u00a0 SugrBag rashladne futrole za insulin trenutno su dostupne u slede\u0107im bojama: crna, pesak, ljubi\u010dasta i\u00a0 cyan plava (rezedo kao na slici)  &nbsp;","og_url":"https:\/\/www.medinic.co.rs\/prodavnica\/proizvod\/promo-set-sg-futrola\/","og_site_name":"MEDINIC PRODAVNICA","article_modified_time":"2026-01-23T15:20:35+00:00","og_image":[{"width":1143,"height":1648,"url":"https:\/\/www.medinic.co.rs\/prodavnica\/wp-content\/uploads\/2019\/04\/SB-futrole-2.jpg","type":"image\/jpeg"}],"twitter_card":"summary_large_image","twitter_misc":{"Procenjeno vreme \u010ditanja":"2 minuta"},"schema":{"@context":"https:\/\/schema.org","@graph":[{"@type":"WebPage","@id":"https:\/\/www.medinic.co.rs\/prodavnica\/proizvod\/promo-set-sg-futrola\/","url":"https:\/\/www.medinic.co.rs\/prodavnica\/proizvod\/promo-set-sg-futrola\/","name":"SugrBag rashladne FUTROLE - MEDINIC PRODAVNICA","isPartOf":{"@id":"https:\/\/www.medinic.co.rs\/prodavnica\/#website"},"datePublished":"2019-04-02T13:48:09+00:00","dateModified":"2026-01-23T15:20:35+00:00","breadcrumb":{"@id":"https:\/\/www.medinic.co.rs\/prodavnica\/proizvod\/promo-set-sg-futrola\/#breadcrumb"},"inLanguage":"sr-RS","potentialAction":[{"@type":"ReadAction","target":["https:\/\/www.medinic.co.rs\/prodavnica\/proizvod\/promo-set-sg-futrola\/"]}]},{"@type":"BreadcrumbList","@id":"https:\/\/www.medinic.co.rs\/prodavnica\/proizvod\/promo-set-sg-futrola\/#breadcrumb","itemListElement":[{"@type":"ListItem","position":1,"name":"Home","item":"https:\/\/www.medinic.co.rs\/prodavnica\/"},{"@type":"ListItem","position":2,"name":"Proizvodi","item":"https:\/\/www.medinic.co.rs\/prodavnica\/"},{"@type":"ListItem","position":3,"name":"SugrBag rashladne FUTROLE"}]},{"@type":"WebSite","@id":"https:\/\/www.medinic.co.rs\/prodavnica\/#website","url":"https:\/\/www.medinic.co.rs\/prodavnica\/","name":"MEDINIC PRODAVNICA","description":"","publisher":{"@id":"https:\/\/www.medinic.co.rs\/prodavnica\/#organization"},"potentialAction":[{"@type":"SearchAction","target":{"@type":"EntryPoint","urlTemplate":"https:\/\/www.medinic.co.rs\/prodavnica\/?s={search_term_string}"},"query-input":"required name=search_term_string"}],"inLanguage":"sr-RS"},{"@type":"Organization","@id":"https:\/\/www.medinic.co.rs\/prodavnica\/#organization","name":"MEDINIC PRODAVNICA","url":"https:\/\/www.medinic.co.rs\/prodavnica\/","logo":{"@type":"ImageObject","inLanguage":"sr-RS","@id":"https:\/\/www.medinic.co.rs\/prodavnica\/#\/schema\/logo\/image\/","url":"https:\/\/www.medinic.co.rs\/prodavnica\/wp-content\/uploads\/2023\/10\/medinic-logo.svg","contentUrl":"https:\/\/www.medinic.co.rs\/prodavnica\/wp-content\/uploads\/2023\/10\/medinic-logo.svg","width":120,"height":25,"caption":"MEDINIC PRODAVNICA"},"image":{"@id":"https:\/\/www.medinic.co.rs\/prodavnica\/#\/schema\/logo\/image\/"}}]}},"_links":{"self":[{"href":"https:\/\/www.medinic.co.rs\/prodavnica\/wp-json\/wp\/v2\/product\/1164"}],"collection":[{"href":"https:\/\/www.medinic.co.rs\/prodavnica\/wp-json\/wp\/v2\/product"}],"about":[{"href":"https:\/\/www.medinic.co.rs\/prodavnica\/wp-json\/wp\/v2\/types\/product"}],"replies":[{"embeddable":true,"href":"https:\/\/www.medinic.co.rs\/prodavnica\/wp-json\/wp\/v2\/comments?post=1164"}],"wp:featuredmedia":[{"embeddable":true,"href":"https:\/\/www.medinic.co.rs\/prodavnica\/wp-json\/wp\/v2\/media\/5634"}],"wp:attachment":[{"href":"https:\/\/www.medinic.co.rs\/prodavnica\/wp-json\/wp\/v2\/media?parent=1164"}],"wp:term":[{"taxonomy":"product_cat","embeddable":true,"href":"https:\/\/www.medinic.co.rs\/prodavnica\/wp-json\/wp\/v2\/product_cat?post=1164"},{"taxonomy":"product_tag","embeddable":true,"href":"https:\/\/www.medinic.co.rs\/prodavnica\/wp-json\/wp\/v2\/product_tag?post=1164"}],"curies":[{"name":"wp","href":"https:\/\/api.w.org\/{rel}","templated":true}]}}