{"id":179,"date":"2018-05-13T14:35:05","date_gmt":"2018-05-13T14:35:05","guid":{"rendered":"http:\/\/www.medinic.co.rs\/test\/?post_type=product&#038;p=179"},"modified":"2025-12-03T08:47:18","modified_gmt":"2025-12-03T08:47:18","slug":"contour-plus-set-a25","status":"publish","type":"product","link":"https:\/\/www.medinic.co.rs\/prodavnica\/proizvod\/contour-plus-set-a25\/","title":{"rendered":"Contour\u00ae Plus ELITE set a25"},"content":{"rendered":"<p><img loading=\"lazy\" decoding=\"async\" class=\"aligncenter wp-image-5572 size-full\" src=\"https:\/\/www.medinic.co.rs\/prodavnica\/wp-content\/uploads\/2018\/05\/Opis-a25.jpg\" alt=\"\" width=\"2103\" height=\"1879\" srcset=\"https:\/\/www.medinic.co.rs\/prodavnica\/wp-content\/uploads\/2018\/05\/Opis-a25.jpg 2103w, https:\/\/www.medinic.co.rs\/prodavnica\/wp-content\/uploads\/2018\/05\/Opis-a25-300x268.jpg 300w, https:\/\/www.medinic.co.rs\/prodavnica\/wp-content\/uploads\/2018\/05\/Opis-a25-768x686.jpg 768w, https:\/\/www.medinic.co.rs\/prodavnica\/wp-content\/uploads\/2018\/05\/Opis-a25-1024x915.jpg 1024w, https:\/\/www.medinic.co.rs\/prodavnica\/wp-content\/uploads\/2018\/05\/Opis-a25-600x536.jpg 600w\" sizes=\"(max-width: 2103px) 100vw, 2103px\" \/><\/p>\n<p><strong>VA\u017dNO! Pre upotrebe medicinskog sredstva detaljno pro\u010ditati uputstvo. O indikacijama, merama opreza i ne\u017eeljenim dejstvima posavetujte se sa Va\u0161im lekarom ili farmaceutom! <\/strong><strong>Info:\u00a0<\/strong><strong>011\/3087-214.<\/strong><\/p>\n<p>&nbsp;<\/p>\n<p>&nbsp;<\/p>\n","protected":false},"excerpt":{"rendered":"<p><strong>CONTOUR<sup>\u00ae<\/sup><\/strong><strong> Plus ELITE set a25 sadr\u017ei:<\/strong><\/p>\n<p><strong>\u00a0<\/strong><\/p>\n<ul>\n<li><strong>Contour Plus ELITE aparat za merenje nivoa glukoze u krvi,<\/strong><\/li>\n<li><strong>Contour Plus test trake 25 komada,<\/strong><\/li>\n<li><strong>Microlet Next podesivi lancetar,<\/strong><\/li>\n<li><strong>Microlet lancete 5 komada,<\/strong><\/li>\n<li><strong>Torbicu za \u010duvanje aparata, test traka i lanceta,<\/strong><\/li>\n<li><strong>Dnevnik samokontrole,<\/strong><\/li>\n<li><strong>Uputstvo za upotrebu.<\/strong><\/li>\n<\/ul>\n<p><strong>\u00a0<\/strong><\/p>\n<p><strong>* Garancija 5 godina<\/strong><\/p>\n","protected":false},"featured_media":7203,"comment_status":"open","ping_status":"closed","template":"","meta":{"inline_featured_image":false},"product_cat":[22,30,54],"product_tag":[],"yoast_head":"<!-- This site is optimized with the Yoast SEO plugin v21.5 - https:\/\/yoast.com\/wordpress\/plugins\/seo\/ -->\n<title>Contour\u00ae Plus ELITE set a25 - MEDINIC PRODAVNICA<\/title>\n<meta name=\"robots\" content=\"index, follow, max-snippet:-1, max-image-preview:large, max-video-preview:-1\" \/>\n<link rel=\"canonical\" href=\"https:\/\/www.medinic.co.rs\/prodavnica\/proizvod\/contour-plus-set-a25\/\" \/>\n<meta property=\"og:locale\" content=\"sr_RS\" \/>\n<meta property=\"og:type\" content=\"article\" \/>\n<meta property=\"og:title\" content=\"Contour\u00ae Plus ELITE set a25 - MEDINIC PRODAVNICA\" \/>\n<meta property=\"og:description\" content=\"CONTOUR\u00ae Plus ELITE set a25 sadr\u017ei:  \u00a0   Contour Plus ELITE aparat za merenje nivoa glukoze u krvi,  Contour Plus test trake 25 komada,  Microlet Next podesivi lancetar,  Microlet lancete 5 komada,  Torbicu za \u010duvanje aparata, test traka i lanceta,  Dnevnik samokontrole,  Uputstvo za upotrebu.  \u00a0  * Garancija 5 godina\" \/>\n<meta property=\"og:url\" content=\"https:\/\/www.medinic.co.rs\/prodavnica\/proizvod\/contour-plus-set-a25\/\" \/>\n<meta property=\"og:site_name\" content=\"MEDINIC PRODAVNICA\" \/>\n<meta property=\"article:modified_time\" content=\"2025-12-03T08:47:18+00:00\" \/>\n<meta property=\"og:image\" content=\"https:\/\/www.medinic.co.rs\/prodavnica\/wp-content\/uploads\/2018\/05\/ONL-C-PLUS-ELITE-akcijski-set-a25-I.jpg\" \/>\n\t<meta property=\"og:image:width\" content=\"1143\" \/>\n\t<meta property=\"og:image:height\" content=\"1648\" \/>\n\t<meta property=\"og:image:type\" content=\"image\/jpeg\" \/>\n<meta name=\"twitter:card\" content=\"summary_large_image\" \/>\n<script type=\"application\/ld+json\" class=\"yoast-schema-graph\">{\"@context\":\"https:\/\/schema.org\",\"@graph\":[{\"@type\":\"WebPage\",\"@id\":\"https:\/\/www.medinic.co.rs\/prodavnica\/proizvod\/contour-plus-set-a25\/\",\"url\":\"https:\/\/www.medinic.co.rs\/prodavnica\/proizvod\/contour-plus-set-a25\/\",\"name\":\"Contour\u00ae Plus ELITE set a25 - MEDINIC PRODAVNICA\",\"isPartOf\":{\"@id\":\"https:\/\/www.medinic.co.rs\/prodavnica\/#website\"},\"datePublished\":\"2018-05-13T14:35:05+00:00\",\"dateModified\":\"2025-12-03T08:47:18+00:00\",\"breadcrumb\":{\"@id\":\"https:\/\/www.medinic.co.rs\/prodavnica\/proizvod\/contour-plus-set-a25\/#breadcrumb\"},\"inLanguage\":\"sr-RS\",\"potentialAction\":[{\"@type\":\"ReadAction\",\"target\":[\"https:\/\/www.medinic.co.rs\/prodavnica\/proizvod\/contour-plus-set-a25\/\"]}]},{\"@type\":\"BreadcrumbList\",\"@id\":\"https:\/\/www.medinic.co.rs\/prodavnica\/proizvod\/contour-plus-set-a25\/#breadcrumb\",\"itemListElement\":[{\"@type\":\"ListItem\",\"position\":1,\"name\":\"Home\",\"item\":\"https:\/\/www.medinic.co.rs\/prodavnica\/\"},{\"@type\":\"ListItem\",\"position\":2,\"name\":\"Proizvodi\",\"item\":\"https:\/\/www.medinic.co.rs\/prodavnica\/\"},{\"@type\":\"ListItem\",\"position\":3,\"name\":\"Contour\u00ae Plus ELITE set a25\"}]},{\"@type\":\"WebSite\",\"@id\":\"https:\/\/www.medinic.co.rs\/prodavnica\/#website\",\"url\":\"https:\/\/www.medinic.co.rs\/prodavnica\/\",\"name\":\"MEDINIC PRODAVNICA\",\"description\":\"\",\"publisher\":{\"@id\":\"https:\/\/www.medinic.co.rs\/prodavnica\/#organization\"},\"potentialAction\":[{\"@type\":\"SearchAction\",\"target\":{\"@type\":\"EntryPoint\",\"urlTemplate\":\"https:\/\/www.medinic.co.rs\/prodavnica\/?s={search_term_string}\"},\"query-input\":\"required name=search_term_string\"}],\"inLanguage\":\"sr-RS\"},{\"@type\":\"Organization\",\"@id\":\"https:\/\/www.medinic.co.rs\/prodavnica\/#organization\",\"name\":\"MEDINIC PRODAVNICA\",\"url\":\"https:\/\/www.medinic.co.rs\/prodavnica\/\",\"logo\":{\"@type\":\"ImageObject\",\"inLanguage\":\"sr-RS\",\"@id\":\"https:\/\/www.medinic.co.rs\/prodavnica\/#\/schema\/logo\/image\/\",\"url\":\"https:\/\/www.medinic.co.rs\/prodavnica\/wp-content\/uploads\/2023\/10\/medinic-logo.svg\",\"contentUrl\":\"https:\/\/www.medinic.co.rs\/prodavnica\/wp-content\/uploads\/2023\/10\/medinic-logo.svg\",\"width\":120,\"height\":25,\"caption\":\"MEDINIC PRODAVNICA\"},\"image\":{\"@id\":\"https:\/\/www.medinic.co.rs\/prodavnica\/#\/schema\/logo\/image\/\"}}]}<\/script>\n<!-- \/ Yoast SEO plugin. -->","yoast_head_json":{"title":"Contour\u00ae Plus ELITE set a25 - MEDINIC PRODAVNICA","robots":{"index":"index","follow":"follow","max-snippet":"max-snippet:-1","max-image-preview":"max-image-preview:large","max-video-preview":"max-video-preview:-1"},"canonical":"https:\/\/www.medinic.co.rs\/prodavnica\/proizvod\/contour-plus-set-a25\/","og_locale":"sr_RS","og_type":"article","og_title":"Contour\u00ae Plus ELITE set a25 - MEDINIC PRODAVNICA","og_description":"CONTOUR\u00ae Plus ELITE set a25 sadr\u017ei:  \u00a0   Contour Plus ELITE aparat za merenje nivoa glukoze u krvi,  Contour Plus test trake 25 komada,  Microlet Next podesivi lancetar,  Microlet lancete 5 komada,  Torbicu za \u010duvanje aparata, test traka i lanceta,  Dnevnik samokontrole,  Uputstvo za upotrebu.  \u00a0  * Garancija 5 godina","og_url":"https:\/\/www.medinic.co.rs\/prodavnica\/proizvod\/contour-plus-set-a25\/","og_site_name":"MEDINIC PRODAVNICA","article_modified_time":"2025-12-03T08:47:18+00:00","og_image":[{"width":1143,"height":1648,"url":"https:\/\/www.medinic.co.rs\/prodavnica\/wp-content\/uploads\/2018\/05\/ONL-C-PLUS-ELITE-akcijski-set-a25-I.jpg","type":"image\/jpeg"}],"twitter_card":"summary_large_image","schema":{"@context":"https:\/\/schema.org","@graph":[{"@type":"WebPage","@id":"https:\/\/www.medinic.co.rs\/prodavnica\/proizvod\/contour-plus-set-a25\/","url":"https:\/\/www.medinic.co.rs\/prodavnica\/proizvod\/contour-plus-set-a25\/","name":"Contour\u00ae Plus ELITE set a25 - MEDINIC PRODAVNICA","isPartOf":{"@id":"https:\/\/www.medinic.co.rs\/prodavnica\/#website"},"datePublished":"2018-05-13T14:35:05+00:00","dateModified":"2025-12-03T08:47:18+00:00","breadcrumb":{"@id":"https:\/\/www.medinic.co.rs\/prodavnica\/proizvod\/contour-plus-set-a25\/#breadcrumb"},"inLanguage":"sr-RS","potentialAction":[{"@type":"ReadAction","target":["https:\/\/www.medinic.co.rs\/prodavnica\/proizvod\/contour-plus-set-a25\/"]}]},{"@type":"BreadcrumbList","@id":"https:\/\/www.medinic.co.rs\/prodavnica\/proizvod\/contour-plus-set-a25\/#breadcrumb","itemListElement":[{"@type":"ListItem","position":1,"name":"Home","item":"https:\/\/www.medinic.co.rs\/prodavnica\/"},{"@type":"ListItem","position":2,"name":"Proizvodi","item":"https:\/\/www.medinic.co.rs\/prodavnica\/"},{"@type":"ListItem","position":3,"name":"Contour\u00ae Plus ELITE set a25"}]},{"@type":"WebSite","@id":"https:\/\/www.medinic.co.rs\/prodavnica\/#website","url":"https:\/\/www.medinic.co.rs\/prodavnica\/","name":"MEDINIC PRODAVNICA","description":"","publisher":{"@id":"https:\/\/www.medinic.co.rs\/prodavnica\/#organization"},"potentialAction":[{"@type":"SearchAction","target":{"@type":"EntryPoint","urlTemplate":"https:\/\/www.medinic.co.rs\/prodavnica\/?s={search_term_string}"},"query-input":"required name=search_term_string"}],"inLanguage":"sr-RS"},{"@type":"Organization","@id":"https:\/\/www.medinic.co.rs\/prodavnica\/#organization","name":"MEDINIC PRODAVNICA","url":"https:\/\/www.medinic.co.rs\/prodavnica\/","logo":{"@type":"ImageObject","inLanguage":"sr-RS","@id":"https:\/\/www.medinic.co.rs\/prodavnica\/#\/schema\/logo\/image\/","url":"https:\/\/www.medinic.co.rs\/prodavnica\/wp-content\/uploads\/2023\/10\/medinic-logo.svg","contentUrl":"https:\/\/www.medinic.co.rs\/prodavnica\/wp-content\/uploads\/2023\/10\/medinic-logo.svg","width":120,"height":25,"caption":"MEDINIC PRODAVNICA"},"image":{"@id":"https:\/\/www.medinic.co.rs\/prodavnica\/#\/schema\/logo\/image\/"}}]}},"_links":{"self":[{"href":"https:\/\/www.medinic.co.rs\/prodavnica\/wp-json\/wp\/v2\/product\/179"}],"collection":[{"href":"https:\/\/www.medinic.co.rs\/prodavnica\/wp-json\/wp\/v2\/product"}],"about":[{"href":"https:\/\/www.medinic.co.rs\/prodavnica\/wp-json\/wp\/v2\/types\/product"}],"replies":[{"embeddable":true,"href":"https:\/\/www.medinic.co.rs\/prodavnica\/wp-json\/wp\/v2\/comments?post=179"}],"wp:featuredmedia":[{"embeddable":true,"href":"https:\/\/www.medinic.co.rs\/prodavnica\/wp-json\/wp\/v2\/media\/7203"}],"wp:attachment":[{"href":"https:\/\/www.medinic.co.rs\/prodavnica\/wp-json\/wp\/v2\/media?parent=179"}],"wp:term":[{"taxonomy":"product_cat","embeddable":true,"href":"https:\/\/www.medinic.co.rs\/prodavnica\/wp-json\/wp\/v2\/product_cat?post=179"},{"taxonomy":"product_tag","embeddable":true,"href":"https:\/\/www.medinic.co.rs\/prodavnica\/wp-json\/wp\/v2\/product_tag?post=179"}],"curies":[{"name":"wp","href":"https:\/\/api.w.org\/{rel}","templated":true}]}}