{"id":396,"date":"2018-05-30T11:08:53","date_gmt":"2018-05-30T11:08:53","guid":{"rendered":"http:\/\/www.medinic.co.rs\/prodavnica\/?post_type=product&#038;p=396"},"modified":"2024-11-15T12:37:40","modified_gmt":"2024-11-15T12:37:40","slug":"contour-plus-test-trake-a50","status":"publish","type":"product","link":"https:\/\/www.medinic.co.rs\/prodavnica\/proizvod\/contour-plus-test-trake-a50\/","title":{"rendered":"Contour\u00ae Plus test trake a50"},"content":{"rendered":"<h2>CONTOUR<sup>\u00ae<\/sup> PLUS test trake<\/h2>\n<p>U kobinaciji sa CONTOUR<sup>\u00ae<\/sup>\u00a0 aparatima za merenje nivoa glukoze u krvi ( CONTOUR<sup>\u00ae<\/sup>\u00a0PLUS, CONTOUR<sup>\u00ae<\/sup>PLUS ELITE i CONTOUR<sup>\u00ae<\/sup> PLUS ONE) CONTOUR<sup>\u00ae<\/sup> PLUS test trake daju pouzdane rezultate pomo\u0107u kojih mo\u017eete bolje i lak\u0161e da kontroli\u0161ete vrednosti glukoze u krvi.<\/p>\n<h3>Karakteristike:<\/h3>\n<ul>\n<li><strong>Uskla\u0111ene sa novim ISO 15197:2013 standardom.<\/strong><\/li>\n<li><strong>Kombinacijom<\/strong>\n<ul>\n<li><strong>Unapre\u0111enih algoritama<\/strong> \u2013 neutrali\u0161u se razli\u010diti negativni uticaji (uklju\u010duju\u0107i temperaturu, hematokrit, tehniku merenja) na rezultate merenja,<\/li>\n<li><strong>Tehnologije Vi\u0161ePulseva (MultiPulse)<\/strong> \u2013 proverava uzorak vi\u0161e puta kroz 7 pulsnih signala kako bi se dobili visoko precizni rezultati,<\/li>\n<li><strong>Za\u0161ti\u0107enog medijatora<\/strong> \u2013 obezbe\u0111uje pove\u0107anu stabilnost sistema,<\/li>\n<\/ul>\n<\/li>\n<\/ul>\n<p><strong>ostvaruje se visoka preciznost pri merenju naro\u010dito pri niskim vrednostima glukoze u krvi.<\/strong><\/p>\n<ul>\n<li><strong>Tehnologija Bez kodiranja<\/strong> elimini\u0161e gre\u0161ke nastale zbog neispravno kodiranog aparata.<\/li>\n<li><strong>Tehnologija Druga \u0160ansa<\/strong> dozvoljava naknadni unos krvi u istu test traku kada prvi uzorak nije bio dovoljan.<\/li>\n<li>Bez uticaja ometaju\u0107ih supstanci (vitamin C, maltoza, galaktoza i dr.).<\/li>\n<li>Mali uzorak \u2013 samo 0,6 \u00b5L<\/li>\n<\/ul>\n<p><strong>\u00a0<\/strong><\/p>\n<p><strong>VA\u017dNO! Pre upotrebe medicinskog sredstva detaljno pro\u010ditati uputstvo. O indikacijama, merama opreza i ne\u017eeljenim dejstvima posavetujte se sa Va\u0161im lekarom ili farmaceutom! <\/strong><strong>Info:\u00a0<\/strong><strong>011\/3087-214.<\/strong><\/p>\n","protected":false},"excerpt":{"rendered":"<p>Koriste se sa CONTOUR<sup>\u00ae<\/sup> PLUS i CONTOUR<sup>\u00ae<\/sup> PLUS ONE aparatom za merenje nivoa glukoze u krvi<\/p>\n<p><strong>Pakovanje:<\/strong> 50 komada test traka.<\/p>\n<p><strong>Rok trajanja:<\/strong> Nazna\u010den na pakovanju. Nakon otvaranja pakovanja test traka rok trajanja test traka se ne skra\u0107uje, tj. i dalje va\u017ei rok naveden na pakovanju.<\/p>\n","protected":false},"featured_media":5596,"comment_status":"open","ping_status":"closed","template":"","meta":{"inline_featured_image":false},"product_cat":[22,30],"product_tag":[],"yoast_head":"<!-- This site is optimized with the Yoast SEO plugin v21.5 - https:\/\/yoast.com\/wordpress\/plugins\/seo\/ -->\n<title>% - MEDINIC PRODAVNICA<\/title>\n<meta name=\"robots\" content=\"index, follow, max-snippet:-1, max-image-preview:large, max-video-preview:-1\" \/>\n<link rel=\"canonical\" href=\"https:\/\/www.medinic.co.rs\/prodavnica\/proizvod\/contour-plus-test-trake-a50\/\" \/>\n<meta property=\"og:locale\" content=\"sr_RS\" \/>\n<meta property=\"og:type\" content=\"article\" \/>\n<meta property=\"og:title\" content=\"% - MEDINIC PRODAVNICA\" \/>\n<meta property=\"og:description\" content=\"Koriste se sa CONTOUR\u00ae PLUS i CONTOUR\u00ae PLUS ONE aparatom za merenje nivoa glukoze u krvi  Pakovanje: 50 komada test traka.  Rok trajanja: Nazna\u010den na pakovanju. Nakon otvaranja pakovanja test traka rok trajanja test traka se ne skra\u0107uje, tj. i dalje va\u017ei rok naveden na pakovanju.\" \/>\n<meta property=\"og:url\" content=\"https:\/\/www.medinic.co.rs\/prodavnica\/proizvod\/contour-plus-test-trake-a50\/\" \/>\n<meta property=\"og:site_name\" content=\"MEDINIC PRODAVNICA\" \/>\n<meta property=\"article:modified_time\" content=\"2024-11-15T12:37:40+00:00\" \/>\n<meta property=\"og:image\" content=\"https:\/\/www.medinic.co.rs\/prodavnica\/wp-content\/uploads\/2018\/05\/CP-test-trake-a50.jpg\" \/>\n\t<meta property=\"og:image:width\" content=\"1143\" \/>\n\t<meta property=\"og:image:height\" content=\"1648\" \/>\n\t<meta property=\"og:image:type\" content=\"image\/jpeg\" \/>\n<meta name=\"twitter:card\" content=\"summary_large_image\" \/>\n<meta name=\"twitter:label1\" content=\"Procenjeno vreme \u010ditanja\" \/>\n\t<meta name=\"twitter:data1\" content=\"1 minut\" \/>\n<script type=\"application\/ld+json\" class=\"yoast-schema-graph\">{\"@context\":\"https:\/\/schema.org\",\"@graph\":[{\"@type\":\"WebPage\",\"@id\":\"https:\/\/www.medinic.co.rs\/prodavnica\/proizvod\/contour-plus-test-trake-a50\/\",\"url\":\"https:\/\/www.medinic.co.rs\/prodavnica\/proizvod\/contour-plus-test-trake-a50\/\",\"name\":\"% - MEDINIC PRODAVNICA\",\"isPartOf\":{\"@id\":\"https:\/\/www.medinic.co.rs\/prodavnica\/#website\"},\"datePublished\":\"2018-05-30T11:08:53+00:00\",\"dateModified\":\"2024-11-15T12:37:40+00:00\",\"breadcrumb\":{\"@id\":\"https:\/\/www.medinic.co.rs\/prodavnica\/proizvod\/contour-plus-test-trake-a50\/#breadcrumb\"},\"inLanguage\":\"sr-RS\",\"potentialAction\":[{\"@type\":\"ReadAction\",\"target\":[\"https:\/\/www.medinic.co.rs\/prodavnica\/proizvod\/contour-plus-test-trake-a50\/\"]}]},{\"@type\":\"BreadcrumbList\",\"@id\":\"https:\/\/www.medinic.co.rs\/prodavnica\/proizvod\/contour-plus-test-trake-a50\/#breadcrumb\",\"itemListElement\":[{\"@type\":\"ListItem\",\"position\":1,\"name\":\"Home\",\"item\":\"https:\/\/www.medinic.co.rs\/prodavnica\/\"},{\"@type\":\"ListItem\",\"position\":2,\"name\":\"Proizvodi\",\"item\":\"https:\/\/www.medinic.co.rs\/prodavnica\/\"},{\"@type\":\"ListItem\",\"position\":3,\"name\":\"Contour\u00ae Plus test trake a50\"}]},{\"@type\":\"WebSite\",\"@id\":\"https:\/\/www.medinic.co.rs\/prodavnica\/#website\",\"url\":\"https:\/\/www.medinic.co.rs\/prodavnica\/\",\"name\":\"MEDINIC PRODAVNICA\",\"description\":\"\",\"publisher\":{\"@id\":\"https:\/\/www.medinic.co.rs\/prodavnica\/#organization\"},\"potentialAction\":[{\"@type\":\"SearchAction\",\"target\":{\"@type\":\"EntryPoint\",\"urlTemplate\":\"https:\/\/www.medinic.co.rs\/prodavnica\/?s={search_term_string}\"},\"query-input\":\"required name=search_term_string\"}],\"inLanguage\":\"sr-RS\"},{\"@type\":\"Organization\",\"@id\":\"https:\/\/www.medinic.co.rs\/prodavnica\/#organization\",\"name\":\"MEDINIC PRODAVNICA\",\"url\":\"https:\/\/www.medinic.co.rs\/prodavnica\/\",\"logo\":{\"@type\":\"ImageObject\",\"inLanguage\":\"sr-RS\",\"@id\":\"https:\/\/www.medinic.co.rs\/prodavnica\/#\/schema\/logo\/image\/\",\"url\":\"https:\/\/www.medinic.co.rs\/prodavnica\/wp-content\/uploads\/2023\/10\/medinic-logo.svg\",\"contentUrl\":\"https:\/\/www.medinic.co.rs\/prodavnica\/wp-content\/uploads\/2023\/10\/medinic-logo.svg\",\"width\":120,\"height\":25,\"caption\":\"MEDINIC PRODAVNICA\"},\"image\":{\"@id\":\"https:\/\/www.medinic.co.rs\/prodavnica\/#\/schema\/logo\/image\/\"}}]}<\/script>\n<!-- \/ Yoast SEO plugin. -->","yoast_head_json":{"title":"% - MEDINIC PRODAVNICA","robots":{"index":"index","follow":"follow","max-snippet":"max-snippet:-1","max-image-preview":"max-image-preview:large","max-video-preview":"max-video-preview:-1"},"canonical":"https:\/\/www.medinic.co.rs\/prodavnica\/proizvod\/contour-plus-test-trake-a50\/","og_locale":"sr_RS","og_type":"article","og_title":"% - MEDINIC PRODAVNICA","og_description":"Koriste se sa CONTOUR\u00ae PLUS i CONTOUR\u00ae PLUS ONE aparatom za merenje nivoa glukoze u krvi  Pakovanje: 50 komada test traka.  Rok trajanja: Nazna\u010den na pakovanju. Nakon otvaranja pakovanja test traka rok trajanja test traka se ne skra\u0107uje, tj. i dalje va\u017ei rok naveden na pakovanju.","og_url":"https:\/\/www.medinic.co.rs\/prodavnica\/proizvod\/contour-plus-test-trake-a50\/","og_site_name":"MEDINIC PRODAVNICA","article_modified_time":"2024-11-15T12:37:40+00:00","og_image":[{"width":1143,"height":1648,"url":"https:\/\/www.medinic.co.rs\/prodavnica\/wp-content\/uploads\/2018\/05\/CP-test-trake-a50.jpg","type":"image\/jpeg"}],"twitter_card":"summary_large_image","twitter_misc":{"Procenjeno vreme \u010ditanja":"1 minut"},"schema":{"@context":"https:\/\/schema.org","@graph":[{"@type":"WebPage","@id":"https:\/\/www.medinic.co.rs\/prodavnica\/proizvod\/contour-plus-test-trake-a50\/","url":"https:\/\/www.medinic.co.rs\/prodavnica\/proizvod\/contour-plus-test-trake-a50\/","name":"% - MEDINIC PRODAVNICA","isPartOf":{"@id":"https:\/\/www.medinic.co.rs\/prodavnica\/#website"},"datePublished":"2018-05-30T11:08:53+00:00","dateModified":"2024-11-15T12:37:40+00:00","breadcrumb":{"@id":"https:\/\/www.medinic.co.rs\/prodavnica\/proizvod\/contour-plus-test-trake-a50\/#breadcrumb"},"inLanguage":"sr-RS","potentialAction":[{"@type":"ReadAction","target":["https:\/\/www.medinic.co.rs\/prodavnica\/proizvod\/contour-plus-test-trake-a50\/"]}]},{"@type":"BreadcrumbList","@id":"https:\/\/www.medinic.co.rs\/prodavnica\/proizvod\/contour-plus-test-trake-a50\/#breadcrumb","itemListElement":[{"@type":"ListItem","position":1,"name":"Home","item":"https:\/\/www.medinic.co.rs\/prodavnica\/"},{"@type":"ListItem","position":2,"name":"Proizvodi","item":"https:\/\/www.medinic.co.rs\/prodavnica\/"},{"@type":"ListItem","position":3,"name":"Contour\u00ae Plus test trake a50"}]},{"@type":"WebSite","@id":"https:\/\/www.medinic.co.rs\/prodavnica\/#website","url":"https:\/\/www.medinic.co.rs\/prodavnica\/","name":"MEDINIC PRODAVNICA","description":"","publisher":{"@id":"https:\/\/www.medinic.co.rs\/prodavnica\/#organization"},"potentialAction":[{"@type":"SearchAction","target":{"@type":"EntryPoint","urlTemplate":"https:\/\/www.medinic.co.rs\/prodavnica\/?s={search_term_string}"},"query-input":"required name=search_term_string"}],"inLanguage":"sr-RS"},{"@type":"Organization","@id":"https:\/\/www.medinic.co.rs\/prodavnica\/#organization","name":"MEDINIC PRODAVNICA","url":"https:\/\/www.medinic.co.rs\/prodavnica\/","logo":{"@type":"ImageObject","inLanguage":"sr-RS","@id":"https:\/\/www.medinic.co.rs\/prodavnica\/#\/schema\/logo\/image\/","url":"https:\/\/www.medinic.co.rs\/prodavnica\/wp-content\/uploads\/2023\/10\/medinic-logo.svg","contentUrl":"https:\/\/www.medinic.co.rs\/prodavnica\/wp-content\/uploads\/2023\/10\/medinic-logo.svg","width":120,"height":25,"caption":"MEDINIC PRODAVNICA"},"image":{"@id":"https:\/\/www.medinic.co.rs\/prodavnica\/#\/schema\/logo\/image\/"}}]}},"_links":{"self":[{"href":"https:\/\/www.medinic.co.rs\/prodavnica\/wp-json\/wp\/v2\/product\/396"}],"collection":[{"href":"https:\/\/www.medinic.co.rs\/prodavnica\/wp-json\/wp\/v2\/product"}],"about":[{"href":"https:\/\/www.medinic.co.rs\/prodavnica\/wp-json\/wp\/v2\/types\/product"}],"replies":[{"embeddable":true,"href":"https:\/\/www.medinic.co.rs\/prodavnica\/wp-json\/wp\/v2\/comments?post=396"}],"wp:featuredmedia":[{"embeddable":true,"href":"https:\/\/www.medinic.co.rs\/prodavnica\/wp-json\/wp\/v2\/media\/5596"}],"wp:attachment":[{"href":"https:\/\/www.medinic.co.rs\/prodavnica\/wp-json\/wp\/v2\/media?parent=396"}],"wp:term":[{"taxonomy":"product_cat","embeddable":true,"href":"https:\/\/www.medinic.co.rs\/prodavnica\/wp-json\/wp\/v2\/product_cat?post=396"},{"taxonomy":"product_tag","embeddable":true,"href":"https:\/\/www.medinic.co.rs\/prodavnica\/wp-json\/wp\/v2\/product_tag?post=396"}],"curies":[{"name":"wp","href":"https:\/\/api.w.org\/{rel}","templated":true}]}}