{"id":402,"date":"2018-05-30T11:32:07","date_gmt":"2018-05-30T11:32:07","guid":{"rendered":"http:\/\/www.medinic.co.rs\/prodavnica\/?post_type=product&#038;p=402"},"modified":"2024-07-31T07:29:05","modified_gmt":"2024-07-31T07:29:05","slug":"microlet-lancete-1-kom","status":"publish","type":"product","link":"https:\/\/www.medinic.co.rs\/prodavnica\/proizvod\/microlet-lancete-1-kom\/","title":{"rendered":"Microlet\u00ae lancete (1 kom.)"},"content":{"rendered":"<h2>Microlet<sup>\u00ae<\/sup> lancete<\/h2>\n<p>Microlet<sup>\u00ae<\/sup> lancete su oblo\u017eene silikonom, kako bi smanjio ose\u0107aj bola koji se javlja prilikom dobijanja uzorka krvi.<\/p>\n<p>Za manje bolno dobijanje uzorka krvi preporu\u010duje se upotreba Microlet<sup>\u00ae<\/sup> lanceta sa Microlet<sup>\u00ae<\/sup> Next lancetarom, te dobijanje uzorka ne sa vrha jagodice prsta, ve\u0107 sa bo\u010dnih strana jagodice. Bo\u010dne strane jagodice prsta imaju manje nervnih zavr\u0161etaka nego vrh jagodice prsta, a jednako su dobro prokrvljene kao sam vrh, pa se dobija jednako veliki i kvalitetan uzorak krvi, ali na manje bolan na\u010din.<\/p>\n<p>&nbsp;<\/p>\n<p><strong>VA\u017dNO! Pre upotrebe medicinskog sredstva detaljno pro\u010ditati uputstvo. O indikacijama, merama opreza i ne\u017eeljenim dejstvima posavetujte se sa Va\u0161im lekarom ili farmaceutom! <\/strong><strong>Info:\u00a0<\/strong><strong>011\/3087-214.<\/strong><\/p>\n","protected":false},"excerpt":{"rendered":"<p>Sterilne lancete za dobijanje uzorka krvi prilikom merenja nivoa glukoze u krvi. Upotrebljavaju se sa Microlet<sup>\u00ae<\/sup> Next lancetarom. Dostupne u 7 \u017eivih boja.<\/p>\n","protected":false},"featured_media":5606,"comment_status":"open","ping_status":"closed","template":"","meta":{"inline_featured_image":false},"product_cat":[22,30],"product_tag":[],"yoast_head":"<!-- This site is optimized with the Yoast SEO plugin v21.5 - https:\/\/yoast.com\/wordpress\/plugins\/seo\/ -->\n<title>Microlet\u00ae lancete (1 kom.) - MEDINIC PRODAVNICA<\/title>\n<meta name=\"robots\" content=\"index, follow, max-snippet:-1, max-image-preview:large, max-video-preview:-1\" \/>\n<link rel=\"canonical\" href=\"https:\/\/www.medinic.co.rs\/prodavnica\/proizvod\/microlet-lancete-1-kom\/\" \/>\n<meta property=\"og:locale\" content=\"sr_RS\" \/>\n<meta property=\"og:type\" content=\"article\" \/>\n<meta property=\"og:title\" content=\"Microlet\u00ae lancete (1 kom.) - MEDINIC PRODAVNICA\" \/>\n<meta property=\"og:description\" content=\"Sterilne lancete za dobijanje uzorka krvi prilikom merenja nivoa glukoze u krvi. Upotrebljavaju se sa Microlet\u00ae Next lancetarom. Dostupne u 7 \u017eivih boja.\" \/>\n<meta property=\"og:url\" content=\"https:\/\/www.medinic.co.rs\/prodavnica\/proizvod\/microlet-lancete-1-kom\/\" \/>\n<meta property=\"og:site_name\" content=\"MEDINIC PRODAVNICA\" \/>\n<meta property=\"article:modified_time\" content=\"2024-07-31T07:29:05+00:00\" \/>\n<meta property=\"og:image\" content=\"https:\/\/www.medinic.co.rs\/prodavnica\/wp-content\/uploads\/2018\/05\/Microlet-lancete-1.jpg\" \/>\n\t<meta property=\"og:image:width\" content=\"1143\" \/>\n\t<meta property=\"og:image:height\" content=\"1648\" \/>\n\t<meta property=\"og:image:type\" content=\"image\/jpeg\" \/>\n<meta name=\"twitter:card\" content=\"summary_large_image\" \/>\n<meta name=\"twitter:label1\" content=\"Procenjeno vreme \u010ditanja\" \/>\n\t<meta name=\"twitter:data1\" content=\"1 minut\" \/>\n<script type=\"application\/ld+json\" class=\"yoast-schema-graph\">{\"@context\":\"https:\/\/schema.org\",\"@graph\":[{\"@type\":\"WebPage\",\"@id\":\"https:\/\/www.medinic.co.rs\/prodavnica\/proizvod\/microlet-lancete-1-kom\/\",\"url\":\"https:\/\/www.medinic.co.rs\/prodavnica\/proizvod\/microlet-lancete-1-kom\/\",\"name\":\"Microlet\u00ae lancete (1 kom.) - MEDINIC PRODAVNICA\",\"isPartOf\":{\"@id\":\"https:\/\/www.medinic.co.rs\/prodavnica\/#website\"},\"datePublished\":\"2018-05-30T11:32:07+00:00\",\"dateModified\":\"2024-07-31T07:29:05+00:00\",\"breadcrumb\":{\"@id\":\"https:\/\/www.medinic.co.rs\/prodavnica\/proizvod\/microlet-lancete-1-kom\/#breadcrumb\"},\"inLanguage\":\"sr-RS\",\"potentialAction\":[{\"@type\":\"ReadAction\",\"target\":[\"https:\/\/www.medinic.co.rs\/prodavnica\/proizvod\/microlet-lancete-1-kom\/\"]}]},{\"@type\":\"BreadcrumbList\",\"@id\":\"https:\/\/www.medinic.co.rs\/prodavnica\/proizvod\/microlet-lancete-1-kom\/#breadcrumb\",\"itemListElement\":[{\"@type\":\"ListItem\",\"position\":1,\"name\":\"Home\",\"item\":\"https:\/\/www.medinic.co.rs\/prodavnica\/\"},{\"@type\":\"ListItem\",\"position\":2,\"name\":\"Proizvodi\",\"item\":\"https:\/\/www.medinic.co.rs\/prodavnica\/\"},{\"@type\":\"ListItem\",\"position\":3,\"name\":\"Microlet\u00ae lancete (1 kom.)\"}]},{\"@type\":\"WebSite\",\"@id\":\"https:\/\/www.medinic.co.rs\/prodavnica\/#website\",\"url\":\"https:\/\/www.medinic.co.rs\/prodavnica\/\",\"name\":\"MEDINIC PRODAVNICA\",\"description\":\"\",\"publisher\":{\"@id\":\"https:\/\/www.medinic.co.rs\/prodavnica\/#organization\"},\"potentialAction\":[{\"@type\":\"SearchAction\",\"target\":{\"@type\":\"EntryPoint\",\"urlTemplate\":\"https:\/\/www.medinic.co.rs\/prodavnica\/?s={search_term_string}\"},\"query-input\":\"required name=search_term_string\"}],\"inLanguage\":\"sr-RS\"},{\"@type\":\"Organization\",\"@id\":\"https:\/\/www.medinic.co.rs\/prodavnica\/#organization\",\"name\":\"MEDINIC PRODAVNICA\",\"url\":\"https:\/\/www.medinic.co.rs\/prodavnica\/\",\"logo\":{\"@type\":\"ImageObject\",\"inLanguage\":\"sr-RS\",\"@id\":\"https:\/\/www.medinic.co.rs\/prodavnica\/#\/schema\/logo\/image\/\",\"url\":\"https:\/\/www.medinic.co.rs\/prodavnica\/wp-content\/uploads\/2023\/10\/medinic-logo.svg\",\"contentUrl\":\"https:\/\/www.medinic.co.rs\/prodavnica\/wp-content\/uploads\/2023\/10\/medinic-logo.svg\",\"width\":120,\"height\":25,\"caption\":\"MEDINIC PRODAVNICA\"},\"image\":{\"@id\":\"https:\/\/www.medinic.co.rs\/prodavnica\/#\/schema\/logo\/image\/\"}}]}<\/script>\n<!-- \/ Yoast SEO plugin. -->","yoast_head_json":{"title":"Microlet\u00ae lancete (1 kom.) - MEDINIC PRODAVNICA","robots":{"index":"index","follow":"follow","max-snippet":"max-snippet:-1","max-image-preview":"max-image-preview:large","max-video-preview":"max-video-preview:-1"},"canonical":"https:\/\/www.medinic.co.rs\/prodavnica\/proizvod\/microlet-lancete-1-kom\/","og_locale":"sr_RS","og_type":"article","og_title":"Microlet\u00ae lancete (1 kom.) - MEDINIC PRODAVNICA","og_description":"Sterilne lancete za dobijanje uzorka krvi prilikom merenja nivoa glukoze u krvi. Upotrebljavaju se sa Microlet\u00ae Next lancetarom. Dostupne u 7 \u017eivih boja.","og_url":"https:\/\/www.medinic.co.rs\/prodavnica\/proizvod\/microlet-lancete-1-kom\/","og_site_name":"MEDINIC PRODAVNICA","article_modified_time":"2024-07-31T07:29:05+00:00","og_image":[{"width":1143,"height":1648,"url":"https:\/\/www.medinic.co.rs\/prodavnica\/wp-content\/uploads\/2018\/05\/Microlet-lancete-1.jpg","type":"image\/jpeg"}],"twitter_card":"summary_large_image","twitter_misc":{"Procenjeno vreme \u010ditanja":"1 minut"},"schema":{"@context":"https:\/\/schema.org","@graph":[{"@type":"WebPage","@id":"https:\/\/www.medinic.co.rs\/prodavnica\/proizvod\/microlet-lancete-1-kom\/","url":"https:\/\/www.medinic.co.rs\/prodavnica\/proizvod\/microlet-lancete-1-kom\/","name":"Microlet\u00ae lancete (1 kom.) - MEDINIC PRODAVNICA","isPartOf":{"@id":"https:\/\/www.medinic.co.rs\/prodavnica\/#website"},"datePublished":"2018-05-30T11:32:07+00:00","dateModified":"2024-07-31T07:29:05+00:00","breadcrumb":{"@id":"https:\/\/www.medinic.co.rs\/prodavnica\/proizvod\/microlet-lancete-1-kom\/#breadcrumb"},"inLanguage":"sr-RS","potentialAction":[{"@type":"ReadAction","target":["https:\/\/www.medinic.co.rs\/prodavnica\/proizvod\/microlet-lancete-1-kom\/"]}]},{"@type":"BreadcrumbList","@id":"https:\/\/www.medinic.co.rs\/prodavnica\/proizvod\/microlet-lancete-1-kom\/#breadcrumb","itemListElement":[{"@type":"ListItem","position":1,"name":"Home","item":"https:\/\/www.medinic.co.rs\/prodavnica\/"},{"@type":"ListItem","position":2,"name":"Proizvodi","item":"https:\/\/www.medinic.co.rs\/prodavnica\/"},{"@type":"ListItem","position":3,"name":"Microlet\u00ae lancete (1 kom.)"}]},{"@type":"WebSite","@id":"https:\/\/www.medinic.co.rs\/prodavnica\/#website","url":"https:\/\/www.medinic.co.rs\/prodavnica\/","name":"MEDINIC PRODAVNICA","description":"","publisher":{"@id":"https:\/\/www.medinic.co.rs\/prodavnica\/#organization"},"potentialAction":[{"@type":"SearchAction","target":{"@type":"EntryPoint","urlTemplate":"https:\/\/www.medinic.co.rs\/prodavnica\/?s={search_term_string}"},"query-input":"required name=search_term_string"}],"inLanguage":"sr-RS"},{"@type":"Organization","@id":"https:\/\/www.medinic.co.rs\/prodavnica\/#organization","name":"MEDINIC PRODAVNICA","url":"https:\/\/www.medinic.co.rs\/prodavnica\/","logo":{"@type":"ImageObject","inLanguage":"sr-RS","@id":"https:\/\/www.medinic.co.rs\/prodavnica\/#\/schema\/logo\/image\/","url":"https:\/\/www.medinic.co.rs\/prodavnica\/wp-content\/uploads\/2023\/10\/medinic-logo.svg","contentUrl":"https:\/\/www.medinic.co.rs\/prodavnica\/wp-content\/uploads\/2023\/10\/medinic-logo.svg","width":120,"height":25,"caption":"MEDINIC PRODAVNICA"},"image":{"@id":"https:\/\/www.medinic.co.rs\/prodavnica\/#\/schema\/logo\/image\/"}}]}},"_links":{"self":[{"href":"https:\/\/www.medinic.co.rs\/prodavnica\/wp-json\/wp\/v2\/product\/402"}],"collection":[{"href":"https:\/\/www.medinic.co.rs\/prodavnica\/wp-json\/wp\/v2\/product"}],"about":[{"href":"https:\/\/www.medinic.co.rs\/prodavnica\/wp-json\/wp\/v2\/types\/product"}],"replies":[{"embeddable":true,"href":"https:\/\/www.medinic.co.rs\/prodavnica\/wp-json\/wp\/v2\/comments?post=402"}],"wp:featuredmedia":[{"embeddable":true,"href":"https:\/\/www.medinic.co.rs\/prodavnica\/wp-json\/wp\/v2\/media\/5606"}],"wp:attachment":[{"href":"https:\/\/www.medinic.co.rs\/prodavnica\/wp-json\/wp\/v2\/media?parent=402"}],"wp:term":[{"taxonomy":"product_cat","embeddable":true,"href":"https:\/\/www.medinic.co.rs\/prodavnica\/wp-json\/wp\/v2\/product_cat?post=402"},{"taxonomy":"product_tag","embeddable":true,"href":"https:\/\/www.medinic.co.rs\/prodavnica\/wp-json\/wp\/v2\/product_tag?post=402"}],"curies":[{"name":"wp","href":"https:\/\/api.w.org\/{rel}","templated":true}]}}