{"id":416,"date":"2018-05-30T14:14:34","date_gmt":"2018-05-30T14:14:34","guid":{"rendered":"http:\/\/www.medinic.co.rs\/prodavnica\/?post_type=product&#038;p=416"},"modified":"2025-06-06T12:03:07","modified_gmt":"2025-06-06T12:03:07","slug":"usb-kabl","status":"publish","type":"product","link":"https:\/\/www.medinic.co.rs\/prodavnica\/proizvod\/usb-kabl\/","title":{"rendered":"USB kabl"},"content":{"rendered":"<p>USB kabl omogu\u0107ava povezivanje CONTOUR<sup>\u00ae<\/sup> PLUS aparata sa ra\u010dunarom. Rezultati zabele\u017eeni na Va\u0161em aparatu se prenose u ra\u010dunar, gde se pomo\u0107u GLUCOFACTS<sup>TM<\/sup> programa obra\u0111uju i tabelarno, grafi\u010dki prikazuju.<\/p>\n<p>Brzo, lako povezivanje, prebacivanje i obrada podataka.<\/p>\n<h4><\/h4>\n","protected":false},"excerpt":{"rendered":"<p>USB kabl omogu\u0107ava povezivanje CONTOUR<sup>\u00ae<\/sup> PLUS aparata sa ra\u010dunarom.<\/p>\n<p><strong>Pakovanje:<\/strong> 1 USB kabl, instalacioni CD-ovi.<\/p>\n<p><strong>Rok trajanja:<\/strong> Neograni\u010den.<\/p>\n","protected":false},"featured_media":417,"comment_status":"open","ping_status":"closed","template":"","meta":{"inline_featured_image":false},"product_cat":[22,27],"product_tag":[],"yoast_head":"<!-- This site is optimized with the Yoast SEO plugin v21.5 - https:\/\/yoast.com\/wordpress\/plugins\/seo\/ -->\n<title>USB kabl - MEDINIC PRODAVNICA<\/title>\n<meta name=\"robots\" content=\"index, follow, max-snippet:-1, max-image-preview:large, max-video-preview:-1\" \/>\n<link rel=\"canonical\" href=\"https:\/\/www.medinic.co.rs\/prodavnica\/proizvod\/usb-kabl\/\" \/>\n<meta property=\"og:locale\" content=\"sr_RS\" \/>\n<meta property=\"og:type\" content=\"article\" \/>\n<meta property=\"og:title\" content=\"USB kabl - MEDINIC PRODAVNICA\" \/>\n<meta property=\"og:description\" content=\"USB kabl omogu\u0107ava povezivanje CONTOUR\u00ae PLUS aparata sa ra\u010dunarom.  Pakovanje: 1 USB kabl, instalacioni CD-ovi.  Rok trajanja: Neograni\u010den.\" \/>\n<meta property=\"og:url\" content=\"https:\/\/www.medinic.co.rs\/prodavnica\/proizvod\/usb-kabl\/\" \/>\n<meta property=\"og:site_name\" content=\"MEDINIC PRODAVNICA\" \/>\n<meta property=\"article:modified_time\" content=\"2025-06-06T12:03:07+00:00\" \/>\n<meta property=\"og:image\" content=\"https:\/\/www.medinic.co.rs\/prodavnica\/wp-content\/uploads\/2018\/05\/9-USB-kabl.jpg\" \/>\n\t<meta property=\"og:image:width\" content=\"590\" \/>\n\t<meta property=\"og:image:height\" content=\"851\" \/>\n\t<meta property=\"og:image:type\" content=\"image\/jpeg\" \/>\n<meta name=\"twitter:card\" content=\"summary_large_image\" \/>\n<script type=\"application\/ld+json\" class=\"yoast-schema-graph\">{\"@context\":\"https:\/\/schema.org\",\"@graph\":[{\"@type\":\"WebPage\",\"@id\":\"https:\/\/www.medinic.co.rs\/prodavnica\/proizvod\/usb-kabl\/\",\"url\":\"https:\/\/www.medinic.co.rs\/prodavnica\/proizvod\/usb-kabl\/\",\"name\":\"USB kabl - MEDINIC PRODAVNICA\",\"isPartOf\":{\"@id\":\"https:\/\/www.medinic.co.rs\/prodavnica\/#website\"},\"datePublished\":\"2018-05-30T14:14:34+00:00\",\"dateModified\":\"2025-06-06T12:03:07+00:00\",\"breadcrumb\":{\"@id\":\"https:\/\/www.medinic.co.rs\/prodavnica\/proizvod\/usb-kabl\/#breadcrumb\"},\"inLanguage\":\"sr-RS\",\"potentialAction\":[{\"@type\":\"ReadAction\",\"target\":[\"https:\/\/www.medinic.co.rs\/prodavnica\/proizvod\/usb-kabl\/\"]}]},{\"@type\":\"BreadcrumbList\",\"@id\":\"https:\/\/www.medinic.co.rs\/prodavnica\/proizvod\/usb-kabl\/#breadcrumb\",\"itemListElement\":[{\"@type\":\"ListItem\",\"position\":1,\"name\":\"Home\",\"item\":\"https:\/\/www.medinic.co.rs\/prodavnica\/\"},{\"@type\":\"ListItem\",\"position\":2,\"name\":\"Proizvodi\",\"item\":\"https:\/\/www.medinic.co.rs\/prodavnica\/\"},{\"@type\":\"ListItem\",\"position\":3,\"name\":\"USB kabl\"}]},{\"@type\":\"WebSite\",\"@id\":\"https:\/\/www.medinic.co.rs\/prodavnica\/#website\",\"url\":\"https:\/\/www.medinic.co.rs\/prodavnica\/\",\"name\":\"MEDINIC PRODAVNICA\",\"description\":\"\",\"publisher\":{\"@id\":\"https:\/\/www.medinic.co.rs\/prodavnica\/#organization\"},\"potentialAction\":[{\"@type\":\"SearchAction\",\"target\":{\"@type\":\"EntryPoint\",\"urlTemplate\":\"https:\/\/www.medinic.co.rs\/prodavnica\/?s={search_term_string}\"},\"query-input\":\"required name=search_term_string\"}],\"inLanguage\":\"sr-RS\"},{\"@type\":\"Organization\",\"@id\":\"https:\/\/www.medinic.co.rs\/prodavnica\/#organization\",\"name\":\"MEDINIC PRODAVNICA\",\"url\":\"https:\/\/www.medinic.co.rs\/prodavnica\/\",\"logo\":{\"@type\":\"ImageObject\",\"inLanguage\":\"sr-RS\",\"@id\":\"https:\/\/www.medinic.co.rs\/prodavnica\/#\/schema\/logo\/image\/\",\"url\":\"https:\/\/www.medinic.co.rs\/prodavnica\/wp-content\/uploads\/2023\/10\/medinic-logo.svg\",\"contentUrl\":\"https:\/\/www.medinic.co.rs\/prodavnica\/wp-content\/uploads\/2023\/10\/medinic-logo.svg\",\"width\":120,\"height\":25,\"caption\":\"MEDINIC PRODAVNICA\"},\"image\":{\"@id\":\"https:\/\/www.medinic.co.rs\/prodavnica\/#\/schema\/logo\/image\/\"}}]}<\/script>\n<!-- \/ Yoast SEO plugin. -->","yoast_head_json":{"title":"USB kabl - MEDINIC PRODAVNICA","robots":{"index":"index","follow":"follow","max-snippet":"max-snippet:-1","max-image-preview":"max-image-preview:large","max-video-preview":"max-video-preview:-1"},"canonical":"https:\/\/www.medinic.co.rs\/prodavnica\/proizvod\/usb-kabl\/","og_locale":"sr_RS","og_type":"article","og_title":"USB kabl - MEDINIC PRODAVNICA","og_description":"USB kabl omogu\u0107ava povezivanje CONTOUR\u00ae PLUS aparata sa ra\u010dunarom.  Pakovanje: 1 USB kabl, instalacioni CD-ovi.  Rok trajanja: Neograni\u010den.","og_url":"https:\/\/www.medinic.co.rs\/prodavnica\/proizvod\/usb-kabl\/","og_site_name":"MEDINIC PRODAVNICA","article_modified_time":"2025-06-06T12:03:07+00:00","og_image":[{"width":590,"height":851,"url":"https:\/\/www.medinic.co.rs\/prodavnica\/wp-content\/uploads\/2018\/05\/9-USB-kabl.jpg","type":"image\/jpeg"}],"twitter_card":"summary_large_image","schema":{"@context":"https:\/\/schema.org","@graph":[{"@type":"WebPage","@id":"https:\/\/www.medinic.co.rs\/prodavnica\/proizvod\/usb-kabl\/","url":"https:\/\/www.medinic.co.rs\/prodavnica\/proizvod\/usb-kabl\/","name":"USB kabl - MEDINIC PRODAVNICA","isPartOf":{"@id":"https:\/\/www.medinic.co.rs\/prodavnica\/#website"},"datePublished":"2018-05-30T14:14:34+00:00","dateModified":"2025-06-06T12:03:07+00:00","breadcrumb":{"@id":"https:\/\/www.medinic.co.rs\/prodavnica\/proizvod\/usb-kabl\/#breadcrumb"},"inLanguage":"sr-RS","potentialAction":[{"@type":"ReadAction","target":["https:\/\/www.medinic.co.rs\/prodavnica\/proizvod\/usb-kabl\/"]}]},{"@type":"BreadcrumbList","@id":"https:\/\/www.medinic.co.rs\/prodavnica\/proizvod\/usb-kabl\/#breadcrumb","itemListElement":[{"@type":"ListItem","position":1,"name":"Home","item":"https:\/\/www.medinic.co.rs\/prodavnica\/"},{"@type":"ListItem","position":2,"name":"Proizvodi","item":"https:\/\/www.medinic.co.rs\/prodavnica\/"},{"@type":"ListItem","position":3,"name":"USB kabl"}]},{"@type":"WebSite","@id":"https:\/\/www.medinic.co.rs\/prodavnica\/#website","url":"https:\/\/www.medinic.co.rs\/prodavnica\/","name":"MEDINIC PRODAVNICA","description":"","publisher":{"@id":"https:\/\/www.medinic.co.rs\/prodavnica\/#organization"},"potentialAction":[{"@type":"SearchAction","target":{"@type":"EntryPoint","urlTemplate":"https:\/\/www.medinic.co.rs\/prodavnica\/?s={search_term_string}"},"query-input":"required name=search_term_string"}],"inLanguage":"sr-RS"},{"@type":"Organization","@id":"https:\/\/www.medinic.co.rs\/prodavnica\/#organization","name":"MEDINIC PRODAVNICA","url":"https:\/\/www.medinic.co.rs\/prodavnica\/","logo":{"@type":"ImageObject","inLanguage":"sr-RS","@id":"https:\/\/www.medinic.co.rs\/prodavnica\/#\/schema\/logo\/image\/","url":"https:\/\/www.medinic.co.rs\/prodavnica\/wp-content\/uploads\/2023\/10\/medinic-logo.svg","contentUrl":"https:\/\/www.medinic.co.rs\/prodavnica\/wp-content\/uploads\/2023\/10\/medinic-logo.svg","width":120,"height":25,"caption":"MEDINIC PRODAVNICA"},"image":{"@id":"https:\/\/www.medinic.co.rs\/prodavnica\/#\/schema\/logo\/image\/"}}]}},"_links":{"self":[{"href":"https:\/\/www.medinic.co.rs\/prodavnica\/wp-json\/wp\/v2\/product\/416"}],"collection":[{"href":"https:\/\/www.medinic.co.rs\/prodavnica\/wp-json\/wp\/v2\/product"}],"about":[{"href":"https:\/\/www.medinic.co.rs\/prodavnica\/wp-json\/wp\/v2\/types\/product"}],"replies":[{"embeddable":true,"href":"https:\/\/www.medinic.co.rs\/prodavnica\/wp-json\/wp\/v2\/comments?post=416"}],"wp:featuredmedia":[{"embeddable":true,"href":"https:\/\/www.medinic.co.rs\/prodavnica\/wp-json\/wp\/v2\/media\/417"}],"wp:attachment":[{"href":"https:\/\/www.medinic.co.rs\/prodavnica\/wp-json\/wp\/v2\/media?parent=416"}],"wp:term":[{"taxonomy":"product_cat","embeddable":true,"href":"https:\/\/www.medinic.co.rs\/prodavnica\/wp-json\/wp\/v2\/product_cat?post=416"},{"taxonomy":"product_tag","embeddable":true,"href":"https:\/\/www.medinic.co.rs\/prodavnica\/wp-json\/wp\/v2\/product_tag?post=416"}],"curies":[{"name":"wp","href":"https:\/\/api.w.org\/{rel}","templated":true}]}}