{"id":4293,"date":"2021-10-27T13:37:10","date_gmt":"2021-10-27T13:37:10","guid":{"rendered":"https:\/\/www.medinic.co.rs\/prodavnica\/?post_type=product&#038;p=4293"},"modified":"2025-08-21T10:29:13","modified_gmt":"2025-08-21T10:29:13","slug":"sugrbag-mala-torbica","status":"publish","type":"product","link":"https:\/\/www.medinic.co.rs\/prodavnica\/proizvod\/sugrbag-mala-torbica\/","title":{"rendered":"SugrBag MALA rashladna TORBICA"},"content":{"rendered":"<h3><em><strong>SUGRBAG MALE rashladne TORBICE za lekove<br \/>\n<\/strong><\/em><\/h3>\n<p>Sugrbag rashladne torbice su dizajnirane tako da posti\u017eu i odr\u017eavaju do 50 sati temperaturu optimalnu za \u010duvanje nekih lekova koji su osetljivi na visokim ili niskim temperaturama (temperaturu od 18 \u00b0C &#8211; 26 \u00b0C), \u010dak i u situacijama kada je spoljna temperatura konstantno oko 38 \u00b0C. Sistem se zasniva na hla\u0111enju putem isparavanja, pa ga je mogu\u0107e lako, bezbedno \u201edopuniti\u201c kad god to korisniku odgovora, jednostavnim potapanjem ulo\u0161ka u vodu na par minuta.<\/p>\n<p><strong>Sastav <\/strong><\/p>\n<p>Svaka Sugrbag rashladna torbica se sastoji od spoljnog vodootpornog dela i unutra\u0161njeg dela koji u sebi sadr\u017ei netoksi\u010dne i nezapaljive kristale.<\/p>\n<p><strong>Na\u010din upotrebe<\/strong><\/p>\n<p>Na\u010din upotrebe Sugrbag rashladne torbice je vrlo jednostavan:<\/p>\n<p>1.Unutra\u0161nji deo Sugrbag rashladne torbice potpiti u vodu najmanje\u00a0 5-10 minuta. Ukoliko se torbice dr\u017ee potopljene du\u017ee, mo\u017ee se absorbovati zna\u010dajno ve\u0107a koli\u010dina vode. Ukoliko se to desi potrebno je proizvod ostaviti da se osu\u0161i prirodnim putem, sve dok se ne vrati u stanje u kom je mogu\u0107e koristiti ga.<\/p>\n<p>2.Dok se natapa vodom, po\u017eeljno je ne\u017enim pokretima rasporediti kristale ravnomerno po torbici. Gel koji se formira natapanjem kristala treba da popuni pregrade torbice, ali ne bi trebao da se ra\u0161iri\/nabubri do te mere da pregrade torbice postanu jako tvrde.<\/p>\n<p>3.Nakon natapanja, ostavite torbicu oko 15-30 minuta kako bi formirani gel upio te\u010dnost koja se nalazi u samom materijalu. Za o\u010dekivati je da nakon va\u0111enja torbice iz te\u010dnosti gel nastavi da se \u0161iri, jo\u0161 neko vreme.<\/p>\n<p>4.Na kraju ne\u017eno, suvim pe\u0161kirom ili ubrusom posu\u0161iti unutra\u0161nji deo torbice i smestiti ga u spoljnji, vodotporni deo.<\/p>\n<p>Ukoliko se Sugrbag rashladne torbice stalno koriste, trebalo bi ih potopiti kada primetite da se koli\u010dina gela smanjila i po\u010dela vra\u0107ati u kristalno stanje (kristali se mogu osetiti pod rukom).<\/p>\n<p><strong>AKTIVIRANE TORBICE NE DR\u017dITE U HERMETI\u010cKI ZATVORENIM I\/ILI VODOTPORNIM POSUDAMA. <\/strong><\/p>\n<p>S obzirom na to da se sistem hla\u0111enja Sugrbag rashladnih torbica bazira na isparavanju te\u010dnosti, potrebno je da se Sugrbag rashladnih torbica nalazi u kontaktu sa vazduhom, tj. ne treba da je stavljate u hermeti\u010dki zatvorene ili vodootporne posude. Zahvaljuju\u0107i materijalima od kojih je napravljena Sugrbag rashladna torbica je pogdna za no\u0161enje u ru\u010dnim ta\u0161nama, d\u017eepovima ode\u0107e i sl.<\/p>\n<p>Sugrbag rashladne torbice <strong>NE STAVLJATI<\/strong> u fri\u017eider i \/ ili zamrziva\u010d zbog rizika od o\u0161te\u0107enja materijala od kojih je napravljena.<\/p>\n<p><strong>\u010cuvanje i \u010di\u0161\u0107enje<\/strong><\/p>\n<p>Kada nije u upotrebi izvadite unutra\u0161nji deo torbice iz spolja\u0161njeg dela i ostavite da se u potpunosti osu\u0161i, tako da se gel vrati u kristalno stanje. Kako bi se kristali razdvojili, povremeno tokom su\u0161enja torbicu protresite.<\/p>\n<p>Napomena: period su\u0161enja mo\u017ee da traje 2-4 nedelje u zavisnosti od klimatskih uslova. Da bi ubrzali proces su\u0161enja Sugrbag rashladnih torbica se mo\u017ee staviti na npr. radijator, oka\u010diti na \u0161trik za su\u0161enje ve\u0161a, ostaviti izlo\u017eenu direktnom suncu, naravno uz povremeno protresanje. <strong>NE STAVLJATI u ma\u0161inu za su\u0161enje ve\u0161a.<\/strong> Potpuno suvu Sugrbag rashladnu torbicu ostavite na neko suvo mesto do slede\u0107e upotrebe.<\/p>\n<p>Spolja\u0161nji deo Sugrbag rashladne torbice se mo\u017ee prati toplom vodom i blagim deterd\u017eentom. Unutra\u0161nji deo Frio torbice se mo\u017ee prati upotrebom neke meke \u010detke i sapunice blagog deterd\u017eenta. Nakon \u0161to ste ga is\u010detkali, mo\u017eete ga isprati ispod mlaza teku\u0107e vode, a da se pri tome ne\u0107e o\u0161tetiti kristalno punjenje. U istu svrhu mogu se koristiti i antibakterijska sredstva za \u010di\u0161\u0107enje u spreju ili antibakterijske maramice za decu ili za upotrebu u kuhinji.<\/p>\n<p><strong>Dodatne informacije<\/strong><\/p>\n<p>Ukoliko se Sugrbag rashladne futrole koriste na opisan na\u010din bi\u0107e od koristi du\u017ei vremenski period. Proizvo\u0111a\u010dka garancija na proizvod je 12 meseci. Na rok upotrebe bitno uti\u010du klimatski uslovi kao i u\u010destalost upotrebe. Vremenom zbog \u201estarenja\u201c materijala, du\u017eina potapanja potrebna da se postigne \u017eeljeni efekat mo\u017ee biti du\u017ea. U trenutku kada pri potapanju kristali ne prelaze u gel stanje, potrebno je nabaviti novu Sugrbag rashladnu torbicu.<\/p>\n<p>&nbsp;<\/p>\n","protected":false},"excerpt":{"rendered":"<p><strong>Sugrbag mala rashladna torbica za lekove<\/strong><\/p>\n<p>Sugrbag rashladne torbice su dizajnirane tako da posti\u017eu i odr\u017eavaju do 50 sati temperaturu optimalnu za \u010duvanje insulina (temperaturu od 18 \u00b0C &#8211; 26 \u00b0C), \u010dak i u situacijama kada je spoljna temperatura konstantno oko 38 \u00b0C. Sistem se zasniva na hla\u0111enju putem isparavanja, pa ga je mogu\u0107e lako, bezbedno \u201edopuniti\u201c kad god to korisniku odgovora, jednostavnim potapanjem ulo\u0161ka u vodu na par minuta.<\/p>\n<p><strong>Dimenzije unutra\u0161njeg ulo\u0161ka:<\/strong> \u0161irina 10cm x du\u017eina 10cm<\/p>\n<p>Garancija: 1 godina.<\/p>\n<p>Rok upotrebe: Proizvo\u0111a\u010dka garancija na proizvod je 12 meseci. Na\u00a0 rok upotrebe bitno uti\u010du klimatski uslovi kao i u\u010destalost upotrebe. Vremenom zbog \u201estarenja\u201c materijala, du\u017eina potapanja potrebna da se postigne \u017eeljeni efekat mo\u017ee biti du\u017ea. U trenutku kada pri potapanju kristali ne prelaze u gel stanje, potrebno je nabaviti novu Sugrbag rashladnu torbicu.<\/p>\n<p><strong>Molimo Vas da se strogo pridr\u017eavate uputstva za upotrebu, naro\u010dito vezano za vremenski period potapanja ulo\u0161ka u vodu. Pogledajte pasus Na\u010din upotrebe ta\u010dka 1.<\/strong><\/p>\n<p>NAPOMENA:<\/p>\n<p><strong>Nepravilna upotreba torbice i nepridr\u017eavanje uputstva za upotrebu povla\u010di sa sobom gubitak garancije na proizvod. <\/strong><\/p>\n<p><strong>Molimo Vas da nam ne prijavljujete reklamacije ukoliko ste nepravilno koristili proizvod.<\/strong><\/p>\n<p><strong>Proizvo\u0111a\u010d:<\/strong> SUGR Germany GMBH<br \/>\n<strong>Zemlja porekla: <\/strong>Nema\u010dka<\/p>\n<p><strong>*Dostupan dezen: sivo\/plava i crna<br \/>\n<\/strong><\/p>\n","protected":false},"featured_media":5638,"comment_status":"open","ping_status":"closed","template":"","meta":{"inline_featured_image":false},"product_cat":[31],"product_tag":[],"yoast_head":"<!-- This site is optimized with the Yoast SEO plugin v21.5 - https:\/\/yoast.com\/wordpress\/plugins\/seo\/ -->\n<title>SugrBag MALA rashladna TORBICA - MEDINIC PRODAVNICA<\/title>\n<meta name=\"robots\" content=\"index, follow, max-snippet:-1, max-image-preview:large, max-video-preview:-1\" \/>\n<link rel=\"canonical\" href=\"https:\/\/www.medinic.co.rs\/prodavnica\/proizvod\/sugrbag-mala-torbica\/\" \/>\n<meta property=\"og:locale\" content=\"sr_RS\" \/>\n<meta property=\"og:type\" content=\"article\" \/>\n<meta property=\"og:title\" content=\"SugrBag MALA rashladna TORBICA - MEDINIC PRODAVNICA\" \/>\n<meta property=\"og:description\" content=\"Sugrbag mala rashladna torbica za lekove  Sugrbag rashladne torbice su dizajnirane tako da posti\u017eu i odr\u017eavaju do 50 sati temperaturu optimalnu za \u010duvanje insulina (temperaturu od 18 \u00b0C - 26 \u00b0C), \u010dak i u situacijama kada je spoljna temperatura konstantno oko 38 \u00b0C. Sistem se zasniva na hla\u0111enju putem isparavanja, pa ga je mogu\u0107e lako, bezbedno \u201edopuniti\u201c kad god to korisniku odgovora, jednostavnim potapanjem ulo\u0161ka u vodu na par minuta.  Dimenzije unutra\u0161njeg ulo\u0161ka: \u0161irina 10cm x du\u017eina 10cm  Garancija: 1 godina.  Rok upotrebe: Proizvo\u0111a\u010dka garancija na proizvod je 12 meseci. Na\u00a0 rok upotrebe bitno uti\u010du klimatski uslovi kao i u\u010destalost upotrebe. Vremenom zbog \u201estarenja\u201c materijala, du\u017eina potapanja potrebna da se postigne \u017eeljeni efekat mo\u017ee biti du\u017ea. U trenutku kada pri potapanju kristali ne prelaze u gel stanje, potrebno je nabaviti novu Sugrbag rashladnu torbicu.  Molimo Vas da se strogo pridr\u017eavate uputstva za upotrebu, naro\u010dito vezano za vremenski period potapanja ulo\u0161ka u vodu. Pogledajte pasus Na\u010din upotrebe ta\u010dka 1.  NAPOMENA:  Nepravilna upotreba torbice i nepridr\u017eavanje uputstva za upotrebu povla\u010di sa sobom gubitak garancije na proizvod.   Molimo Vas da nam ne prijavljujete reklamacije ukoliko ste nepravilno koristili proizvod.  Proizvo\u0111a\u010d: SUGR Germany GMBH Zemlja porekla: Nema\u010dka  *Dostupan dezen: sivo\/plava i crna\" \/>\n<meta property=\"og:url\" content=\"https:\/\/www.medinic.co.rs\/prodavnica\/proizvod\/sugrbag-mala-torbica\/\" \/>\n<meta property=\"og:site_name\" content=\"MEDINIC PRODAVNICA\" \/>\n<meta property=\"article:modified_time\" content=\"2025-08-21T10:29:13+00:00\" \/>\n<meta property=\"og:image\" content=\"https:\/\/www.medinic.co.rs\/prodavnica\/wp-content\/uploads\/2021\/10\/SB-torbica-mala.jpg\" \/>\n\t<meta property=\"og:image:width\" content=\"1143\" \/>\n\t<meta property=\"og:image:height\" content=\"1648\" \/>\n\t<meta property=\"og:image:type\" content=\"image\/jpeg\" \/>\n<meta name=\"twitter:card\" content=\"summary_large_image\" \/>\n<meta name=\"twitter:label1\" content=\"Procenjeno vreme \u010ditanja\" \/>\n\t<meta name=\"twitter:data1\" content=\"4 minuta\" \/>\n<script type=\"application\/ld+json\" class=\"yoast-schema-graph\">{\"@context\":\"https:\/\/schema.org\",\"@graph\":[{\"@type\":\"WebPage\",\"@id\":\"https:\/\/www.medinic.co.rs\/prodavnica\/proizvod\/sugrbag-mala-torbica\/\",\"url\":\"https:\/\/www.medinic.co.rs\/prodavnica\/proizvod\/sugrbag-mala-torbica\/\",\"name\":\"SugrBag MALA rashladna TORBICA - MEDINIC PRODAVNICA\",\"isPartOf\":{\"@id\":\"https:\/\/www.medinic.co.rs\/prodavnica\/#website\"},\"datePublished\":\"2021-10-27T13:37:10+00:00\",\"dateModified\":\"2025-08-21T10:29:13+00:00\",\"breadcrumb\":{\"@id\":\"https:\/\/www.medinic.co.rs\/prodavnica\/proizvod\/sugrbag-mala-torbica\/#breadcrumb\"},\"inLanguage\":\"sr-RS\",\"potentialAction\":[{\"@type\":\"ReadAction\",\"target\":[\"https:\/\/www.medinic.co.rs\/prodavnica\/proizvod\/sugrbag-mala-torbica\/\"]}]},{\"@type\":\"BreadcrumbList\",\"@id\":\"https:\/\/www.medinic.co.rs\/prodavnica\/proizvod\/sugrbag-mala-torbica\/#breadcrumb\",\"itemListElement\":[{\"@type\":\"ListItem\",\"position\":1,\"name\":\"Home\",\"item\":\"https:\/\/www.medinic.co.rs\/prodavnica\/\"},{\"@type\":\"ListItem\",\"position\":2,\"name\":\"Proizvodi\",\"item\":\"https:\/\/www.medinic.co.rs\/prodavnica\/\"},{\"@type\":\"ListItem\",\"position\":3,\"name\":\"SugrBag MALA rashladna TORBICA\"}]},{\"@type\":\"WebSite\",\"@id\":\"https:\/\/www.medinic.co.rs\/prodavnica\/#website\",\"url\":\"https:\/\/www.medinic.co.rs\/prodavnica\/\",\"name\":\"MEDINIC PRODAVNICA\",\"description\":\"\",\"publisher\":{\"@id\":\"https:\/\/www.medinic.co.rs\/prodavnica\/#organization\"},\"potentialAction\":[{\"@type\":\"SearchAction\",\"target\":{\"@type\":\"EntryPoint\",\"urlTemplate\":\"https:\/\/www.medinic.co.rs\/prodavnica\/?s={search_term_string}\"},\"query-input\":\"required name=search_term_string\"}],\"inLanguage\":\"sr-RS\"},{\"@type\":\"Organization\",\"@id\":\"https:\/\/www.medinic.co.rs\/prodavnica\/#organization\",\"name\":\"MEDINIC PRODAVNICA\",\"url\":\"https:\/\/www.medinic.co.rs\/prodavnica\/\",\"logo\":{\"@type\":\"ImageObject\",\"inLanguage\":\"sr-RS\",\"@id\":\"https:\/\/www.medinic.co.rs\/prodavnica\/#\/schema\/logo\/image\/\",\"url\":\"https:\/\/www.medinic.co.rs\/prodavnica\/wp-content\/uploads\/2023\/10\/medinic-logo.svg\",\"contentUrl\":\"https:\/\/www.medinic.co.rs\/prodavnica\/wp-content\/uploads\/2023\/10\/medinic-logo.svg\",\"width\":120,\"height\":25,\"caption\":\"MEDINIC PRODAVNICA\"},\"image\":{\"@id\":\"https:\/\/www.medinic.co.rs\/prodavnica\/#\/schema\/logo\/image\/\"}}]}<\/script>\n<!-- \/ Yoast SEO plugin. -->","yoast_head_json":{"title":"SugrBag MALA rashladna TORBICA - MEDINIC PRODAVNICA","robots":{"index":"index","follow":"follow","max-snippet":"max-snippet:-1","max-image-preview":"max-image-preview:large","max-video-preview":"max-video-preview:-1"},"canonical":"https:\/\/www.medinic.co.rs\/prodavnica\/proizvod\/sugrbag-mala-torbica\/","og_locale":"sr_RS","og_type":"article","og_title":"SugrBag MALA rashladna TORBICA - MEDINIC PRODAVNICA","og_description":"Sugrbag mala rashladna torbica za lekove  Sugrbag rashladne torbice su dizajnirane tako da posti\u017eu i odr\u017eavaju do 50 sati temperaturu optimalnu za \u010duvanje insulina (temperaturu od 18 \u00b0C - 26 \u00b0C), \u010dak i u situacijama kada je spoljna temperatura konstantno oko 38 \u00b0C. Sistem se zasniva na hla\u0111enju putem isparavanja, pa ga je mogu\u0107e lako, bezbedno \u201edopuniti\u201c kad god to korisniku odgovora, jednostavnim potapanjem ulo\u0161ka u vodu na par minuta.  Dimenzije unutra\u0161njeg ulo\u0161ka: \u0161irina 10cm x du\u017eina 10cm  Garancija: 1 godina.  Rok upotrebe: Proizvo\u0111a\u010dka garancija na proizvod je 12 meseci. Na\u00a0 rok upotrebe bitno uti\u010du klimatski uslovi kao i u\u010destalost upotrebe. Vremenom zbog \u201estarenja\u201c materijala, du\u017eina potapanja potrebna da se postigne \u017eeljeni efekat mo\u017ee biti du\u017ea. U trenutku kada pri potapanju kristali ne prelaze u gel stanje, potrebno je nabaviti novu Sugrbag rashladnu torbicu.  Molimo Vas da se strogo pridr\u017eavate uputstva za upotrebu, naro\u010dito vezano za vremenski period potapanja ulo\u0161ka u vodu. Pogledajte pasus Na\u010din upotrebe ta\u010dka 1.  NAPOMENA:  Nepravilna upotreba torbice i nepridr\u017eavanje uputstva za upotrebu povla\u010di sa sobom gubitak garancije na proizvod.   Molimo Vas da nam ne prijavljujete reklamacije ukoliko ste nepravilno koristili proizvod.  Proizvo\u0111a\u010d: SUGR Germany GMBH Zemlja porekla: Nema\u010dka  *Dostupan dezen: sivo\/plava i crna","og_url":"https:\/\/www.medinic.co.rs\/prodavnica\/proizvod\/sugrbag-mala-torbica\/","og_site_name":"MEDINIC PRODAVNICA","article_modified_time":"2025-08-21T10:29:13+00:00","og_image":[{"width":1143,"height":1648,"url":"https:\/\/www.medinic.co.rs\/prodavnica\/wp-content\/uploads\/2021\/10\/SB-torbica-mala.jpg","type":"image\/jpeg"}],"twitter_card":"summary_large_image","twitter_misc":{"Procenjeno vreme \u010ditanja":"4 minuta"},"schema":{"@context":"https:\/\/schema.org","@graph":[{"@type":"WebPage","@id":"https:\/\/www.medinic.co.rs\/prodavnica\/proizvod\/sugrbag-mala-torbica\/","url":"https:\/\/www.medinic.co.rs\/prodavnica\/proizvod\/sugrbag-mala-torbica\/","name":"SugrBag MALA rashladna TORBICA - MEDINIC PRODAVNICA","isPartOf":{"@id":"https:\/\/www.medinic.co.rs\/prodavnica\/#website"},"datePublished":"2021-10-27T13:37:10+00:00","dateModified":"2025-08-21T10:29:13+00:00","breadcrumb":{"@id":"https:\/\/www.medinic.co.rs\/prodavnica\/proizvod\/sugrbag-mala-torbica\/#breadcrumb"},"inLanguage":"sr-RS","potentialAction":[{"@type":"ReadAction","target":["https:\/\/www.medinic.co.rs\/prodavnica\/proizvod\/sugrbag-mala-torbica\/"]}]},{"@type":"BreadcrumbList","@id":"https:\/\/www.medinic.co.rs\/prodavnica\/proizvod\/sugrbag-mala-torbica\/#breadcrumb","itemListElement":[{"@type":"ListItem","position":1,"name":"Home","item":"https:\/\/www.medinic.co.rs\/prodavnica\/"},{"@type":"ListItem","position":2,"name":"Proizvodi","item":"https:\/\/www.medinic.co.rs\/prodavnica\/"},{"@type":"ListItem","position":3,"name":"SugrBag MALA rashladna TORBICA"}]},{"@type":"WebSite","@id":"https:\/\/www.medinic.co.rs\/prodavnica\/#website","url":"https:\/\/www.medinic.co.rs\/prodavnica\/","name":"MEDINIC PRODAVNICA","description":"","publisher":{"@id":"https:\/\/www.medinic.co.rs\/prodavnica\/#organization"},"potentialAction":[{"@type":"SearchAction","target":{"@type":"EntryPoint","urlTemplate":"https:\/\/www.medinic.co.rs\/prodavnica\/?s={search_term_string}"},"query-input":"required name=search_term_string"}],"inLanguage":"sr-RS"},{"@type":"Organization","@id":"https:\/\/www.medinic.co.rs\/prodavnica\/#organization","name":"MEDINIC PRODAVNICA","url":"https:\/\/www.medinic.co.rs\/prodavnica\/","logo":{"@type":"ImageObject","inLanguage":"sr-RS","@id":"https:\/\/www.medinic.co.rs\/prodavnica\/#\/schema\/logo\/image\/","url":"https:\/\/www.medinic.co.rs\/prodavnica\/wp-content\/uploads\/2023\/10\/medinic-logo.svg","contentUrl":"https:\/\/www.medinic.co.rs\/prodavnica\/wp-content\/uploads\/2023\/10\/medinic-logo.svg","width":120,"height":25,"caption":"MEDINIC PRODAVNICA"},"image":{"@id":"https:\/\/www.medinic.co.rs\/prodavnica\/#\/schema\/logo\/image\/"}}]}},"_links":{"self":[{"href":"https:\/\/www.medinic.co.rs\/prodavnica\/wp-json\/wp\/v2\/product\/4293"}],"collection":[{"href":"https:\/\/www.medinic.co.rs\/prodavnica\/wp-json\/wp\/v2\/product"}],"about":[{"href":"https:\/\/www.medinic.co.rs\/prodavnica\/wp-json\/wp\/v2\/types\/product"}],"replies":[{"embeddable":true,"href":"https:\/\/www.medinic.co.rs\/prodavnica\/wp-json\/wp\/v2\/comments?post=4293"}],"wp:featuredmedia":[{"embeddable":true,"href":"https:\/\/www.medinic.co.rs\/prodavnica\/wp-json\/wp\/v2\/media\/5638"}],"wp:attachment":[{"href":"https:\/\/www.medinic.co.rs\/prodavnica\/wp-json\/wp\/v2\/media?parent=4293"}],"wp:term":[{"taxonomy":"product_cat","embeddable":true,"href":"https:\/\/www.medinic.co.rs\/prodavnica\/wp-json\/wp\/v2\/product_cat?post=4293"},{"taxonomy":"product_tag","embeddable":true,"href":"https:\/\/www.medinic.co.rs\/prodavnica\/wp-json\/wp\/v2\/product_tag?post=4293"}],"curies":[{"name":"wp","href":"https:\/\/api.w.org\/{rel}","templated":true}]}}