{"id":4834,"date":"2022-03-21T10:28:21","date_gmt":"2022-03-21T10:28:21","guid":{"rendered":"https:\/\/www.medinic.co.rs\/prodavnica\/?post_type=product&#038;p=4834"},"modified":"2026-03-23T10:51:49","modified_gmt":"2026-03-23T10:51:49","slug":"medicinske-carape-bez-ruba-muske","status":"publish","type":"product","link":"https:\/\/www.medinic.co.rs\/prodavnica\/proizvod\/medicinske-carape-bez-ruba-muske\/","title":{"rendered":"Medicinske \u010darape bez gume &#8211; Mediko premijum"},"content":{"rendered":"<p>O\u0161te\u0107enje krvnih sudova i nerava, koje se de\u0161ava kao komplikacija dijabetesa, mo\u017ee da dovede do poreme\u0107aja na nivou ko\u017ee stopala. Ko\u017ea gubi svoju za\u0161titnu funkciju i mo\u017ee da postane suva, krta, podlo\u017ena infekcijama. Na toj bazi \u010de\u0161\u0107e dolazi do stvaranja zadebljanja na petama sa ragadama, zadebljanja ko\u017ee, ulkusa, razli\u010ditih deformiteta stopala, izmene kvaliteta i na\u010dina rasta nokta, kao i sporijeg zarastanja rana. Neophodna je posebna nega stopala, da bi se izbegle komplikacije koje, u najgorem slu\u010daju mogu da dovedu do amputacije.<\/p>\n<p>\u010cesto se ove promene javljaju kao posledica no\u0161enja neadekvaten obu\u0107e ili neadekvatnog hoda.<\/p>\n<p>Obu\u0107a treba da je udobna, odgovaraju\u0107eg broja, po mogu\u0107nosti na pertlanje. Otvorenu obu\u0107u, visoke potpetice, obu\u0107u sa kai\u0161\u010di\u0107ima treba izbegavati. Praktikujte da obu\u0107u kupujete u popodnevnim \u010dasovima kada je stopalo naj\u0161ire.<\/p>\n<p>\u010carape treba da su od najmanje 80% prirodnih materijala (pamuka ili vune). Takav sastav omogu\u0107ava ko\u017ei da di\u0161e, a da se pri tome apsorbuje suvi\u0161na te\u010dnost. Treba izbegavati najlonske \u010darape i hulahopke.<\/p>\n","protected":false},"excerpt":{"rendered":"<p><strong>Medicinske \u010darape pogodne za upotrebu kako od strane osoba sa dijabetesom, tako i od strane osoba sa poreme\u0107enom cirkulacijom u nogama.<\/strong><\/p>\n<p>\u010carape srednje gustog tkanja sa imitacijom ranfle dobijenom promenom na\u010dina tkanja, kako bi se izbeglo stezanje i posledi\u010dni uticaj na ve\u0107 kompromitovanu cirkulaciju, a istovremeno dobio adekvatan estetski izgled.<\/p>\n<p>Napravljene su od najkavlitenijeg \u010de\u0161ljanog pamuka (80%), likre (17%) i elastina 3%.<\/p>\n<p>Dostupne su u slede\u0107im veli\u010dinama i bojama:<\/p>\n<p>35-38 boje:\u00a0 crna,\u00a0 jorgovan ljubi\u010dasta, crvena, tamno zelena.\u00a0 Ograni\u010dene koli\u010dine<\/p>\n<p>39-42 boje: tamno siva, crna, teget, roze,\u00a0 crvena, lila, bela, tamno zelena, \u017euta, braon,\u00a0 ograni\u010dene koli\u010dine<\/p>\n<p>43 -46 boje: crna, tamno siva, teget, bela-19 kom, svetlo siva-20 kom, braon-4 kom<\/p>\n<p><strong>*Prilikom naru\u010divanja u RUBRICI NAPOMENA obavezno nazna\u010diti \u017eeljenu boju.<\/strong><\/p>\n","protected":false},"featured_media":7022,"comment_status":"open","ping_status":"closed","template":"","meta":{"inline_featured_image":false},"product_cat":[57,59],"product_tag":[],"yoast_head":"<!-- This site is optimized with the Yoast SEO plugin v21.5 - https:\/\/yoast.com\/wordpress\/plugins\/seo\/ -->\n<title>Medicinske \u010darape bez gume - Mediko premijum - MEDINIC PRODAVNICA<\/title>\n<meta name=\"robots\" content=\"index, follow, max-snippet:-1, max-image-preview:large, max-video-preview:-1\" \/>\n<link rel=\"canonical\" href=\"https:\/\/www.medinic.co.rs\/prodavnica\/proizvod\/medicinske-carape-bez-ruba-muske\/\" \/>\n<meta property=\"og:locale\" content=\"sr_RS\" \/>\n<meta property=\"og:type\" content=\"article\" \/>\n<meta property=\"og:title\" content=\"Medicinske \u010darape bez gume - Mediko premijum - MEDINIC PRODAVNICA\" \/>\n<meta property=\"og:description\" content=\"Medicinske \u010darape pogodne za upotrebu kako od strane osoba sa dijabetesom, tako i od strane osoba sa poreme\u0107enom cirkulacijom u nogama.  \u010carape srednje gustog tkanja sa imitacijom ranfle dobijenom promenom na\u010dina tkanja, kako bi se izbeglo stezanje i posledi\u010dni uticaj na ve\u0107 kompromitovanu cirkulaciju, a istovremeno dobio adekvatan estetski izgled.  Napravljene su od najkavlitenijeg \u010de\u0161ljanog pamuka (80%), likre (17%) i elastina 3%.  Dostupne su u slede\u0107im veli\u010dinama i bojama:  35-38 boje:\u00a0 crna,\u00a0 jorgovan ljubi\u010dasta, crvena, tamno zelena.\u00a0 Ograni\u010dene koli\u010dine  39-42 boje: tamno siva, crna, teget, roze,\u00a0 crvena, lila, bela, tamno zelena, \u017euta, braon,\u00a0 ograni\u010dene koli\u010dine  43 -46 boje: crna, tamno siva, teget, bela-19 kom, svetlo siva-20 kom, braon-4 kom  *Prilikom naru\u010divanja u RUBRICI NAPOMENA obavezno nazna\u010diti \u017eeljenu boju.\" \/>\n<meta property=\"og:url\" content=\"https:\/\/www.medinic.co.rs\/prodavnica\/proizvod\/medicinske-carape-bez-ruba-muske\/\" \/>\n<meta property=\"og:site_name\" content=\"MEDINIC PRODAVNICA\" \/>\n<meta property=\"article:modified_time\" content=\"2026-03-23T10:51:49+00:00\" \/>\n<meta property=\"og:image\" content=\"https:\/\/www.medinic.co.rs\/prodavnica\/wp-content\/uploads\/2022\/03\/1-Naslovna.jpg\" \/>\n\t<meta property=\"og:image:width\" content=\"1143\" \/>\n\t<meta property=\"og:image:height\" content=\"1648\" \/>\n\t<meta property=\"og:image:type\" content=\"image\/jpeg\" \/>\n<meta name=\"twitter:card\" content=\"summary_large_image\" \/>\n<meta name=\"twitter:label1\" content=\"Procenjeno vreme \u010ditanja\" \/>\n\t<meta name=\"twitter:data1\" content=\"1 minut\" \/>\n<script type=\"application\/ld+json\" class=\"yoast-schema-graph\">{\"@context\":\"https:\/\/schema.org\",\"@graph\":[{\"@type\":\"WebPage\",\"@id\":\"https:\/\/www.medinic.co.rs\/prodavnica\/proizvod\/medicinske-carape-bez-ruba-muske\/\",\"url\":\"https:\/\/www.medinic.co.rs\/prodavnica\/proizvod\/medicinske-carape-bez-ruba-muske\/\",\"name\":\"Medicinske \u010darape bez gume - Mediko premijum - MEDINIC PRODAVNICA\",\"isPartOf\":{\"@id\":\"https:\/\/www.medinic.co.rs\/prodavnica\/#website\"},\"datePublished\":\"2022-03-21T10:28:21+00:00\",\"dateModified\":\"2026-03-23T10:51:49+00:00\",\"breadcrumb\":{\"@id\":\"https:\/\/www.medinic.co.rs\/prodavnica\/proizvod\/medicinske-carape-bez-ruba-muske\/#breadcrumb\"},\"inLanguage\":\"sr-RS\",\"potentialAction\":[{\"@type\":\"ReadAction\",\"target\":[\"https:\/\/www.medinic.co.rs\/prodavnica\/proizvod\/medicinske-carape-bez-ruba-muske\/\"]}]},{\"@type\":\"BreadcrumbList\",\"@id\":\"https:\/\/www.medinic.co.rs\/prodavnica\/proizvod\/medicinske-carape-bez-ruba-muske\/#breadcrumb\",\"itemListElement\":[{\"@type\":\"ListItem\",\"position\":1,\"name\":\"Home\",\"item\":\"https:\/\/www.medinic.co.rs\/prodavnica\/\"},{\"@type\":\"ListItem\",\"position\":2,\"name\":\"Proizvodi\",\"item\":\"https:\/\/www.medinic.co.rs\/prodavnica\/\"},{\"@type\":\"ListItem\",\"position\":3,\"name\":\"Medicinske \u010darape bez gume &#8211; Mediko premijum\"}]},{\"@type\":\"WebSite\",\"@id\":\"https:\/\/www.medinic.co.rs\/prodavnica\/#website\",\"url\":\"https:\/\/www.medinic.co.rs\/prodavnica\/\",\"name\":\"MEDINIC PRODAVNICA\",\"description\":\"\",\"publisher\":{\"@id\":\"https:\/\/www.medinic.co.rs\/prodavnica\/#organization\"},\"potentialAction\":[{\"@type\":\"SearchAction\",\"target\":{\"@type\":\"EntryPoint\",\"urlTemplate\":\"https:\/\/www.medinic.co.rs\/prodavnica\/?s={search_term_string}\"},\"query-input\":\"required name=search_term_string\"}],\"inLanguage\":\"sr-RS\"},{\"@type\":\"Organization\",\"@id\":\"https:\/\/www.medinic.co.rs\/prodavnica\/#organization\",\"name\":\"MEDINIC PRODAVNICA\",\"url\":\"https:\/\/www.medinic.co.rs\/prodavnica\/\",\"logo\":{\"@type\":\"ImageObject\",\"inLanguage\":\"sr-RS\",\"@id\":\"https:\/\/www.medinic.co.rs\/prodavnica\/#\/schema\/logo\/image\/\",\"url\":\"https:\/\/www.medinic.co.rs\/prodavnica\/wp-content\/uploads\/2023\/10\/medinic-logo.svg\",\"contentUrl\":\"https:\/\/www.medinic.co.rs\/prodavnica\/wp-content\/uploads\/2023\/10\/medinic-logo.svg\",\"width\":120,\"height\":25,\"caption\":\"MEDINIC PRODAVNICA\"},\"image\":{\"@id\":\"https:\/\/www.medinic.co.rs\/prodavnica\/#\/schema\/logo\/image\/\"}}]}<\/script>\n<!-- \/ Yoast SEO plugin. -->","yoast_head_json":{"title":"Medicinske \u010darape bez gume - Mediko premijum - MEDINIC PRODAVNICA","robots":{"index":"index","follow":"follow","max-snippet":"max-snippet:-1","max-image-preview":"max-image-preview:large","max-video-preview":"max-video-preview:-1"},"canonical":"https:\/\/www.medinic.co.rs\/prodavnica\/proizvod\/medicinske-carape-bez-ruba-muske\/","og_locale":"sr_RS","og_type":"article","og_title":"Medicinske \u010darape bez gume - Mediko premijum - MEDINIC PRODAVNICA","og_description":"Medicinske \u010darape pogodne za upotrebu kako od strane osoba sa dijabetesom, tako i od strane osoba sa poreme\u0107enom cirkulacijom u nogama.  \u010carape srednje gustog tkanja sa imitacijom ranfle dobijenom promenom na\u010dina tkanja, kako bi se izbeglo stezanje i posledi\u010dni uticaj na ve\u0107 kompromitovanu cirkulaciju, a istovremeno dobio adekvatan estetski izgled.  Napravljene su od najkavlitenijeg \u010de\u0161ljanog pamuka (80%), likre (17%) i elastina 3%.  Dostupne su u slede\u0107im veli\u010dinama i bojama:  35-38 boje:\u00a0 crna,\u00a0 jorgovan ljubi\u010dasta, crvena, tamno zelena.\u00a0 Ograni\u010dene koli\u010dine  39-42 boje: tamno siva, crna, teget, roze,\u00a0 crvena, lila, bela, tamno zelena, \u017euta, braon,\u00a0 ograni\u010dene koli\u010dine  43 -46 boje: crna, tamno siva, teget, bela-19 kom, svetlo siva-20 kom, braon-4 kom  *Prilikom naru\u010divanja u RUBRICI NAPOMENA obavezno nazna\u010diti \u017eeljenu boju.","og_url":"https:\/\/www.medinic.co.rs\/prodavnica\/proizvod\/medicinske-carape-bez-ruba-muske\/","og_site_name":"MEDINIC PRODAVNICA","article_modified_time":"2026-03-23T10:51:49+00:00","og_image":[{"width":1143,"height":1648,"url":"https:\/\/www.medinic.co.rs\/prodavnica\/wp-content\/uploads\/2022\/03\/1-Naslovna.jpg","type":"image\/jpeg"}],"twitter_card":"summary_large_image","twitter_misc":{"Procenjeno vreme \u010ditanja":"1 minut"},"schema":{"@context":"https:\/\/schema.org","@graph":[{"@type":"WebPage","@id":"https:\/\/www.medinic.co.rs\/prodavnica\/proizvod\/medicinske-carape-bez-ruba-muske\/","url":"https:\/\/www.medinic.co.rs\/prodavnica\/proizvod\/medicinske-carape-bez-ruba-muske\/","name":"Medicinske \u010darape bez gume - Mediko premijum - MEDINIC PRODAVNICA","isPartOf":{"@id":"https:\/\/www.medinic.co.rs\/prodavnica\/#website"},"datePublished":"2022-03-21T10:28:21+00:00","dateModified":"2026-03-23T10:51:49+00:00","breadcrumb":{"@id":"https:\/\/www.medinic.co.rs\/prodavnica\/proizvod\/medicinske-carape-bez-ruba-muske\/#breadcrumb"},"inLanguage":"sr-RS","potentialAction":[{"@type":"ReadAction","target":["https:\/\/www.medinic.co.rs\/prodavnica\/proizvod\/medicinske-carape-bez-ruba-muske\/"]}]},{"@type":"BreadcrumbList","@id":"https:\/\/www.medinic.co.rs\/prodavnica\/proizvod\/medicinske-carape-bez-ruba-muske\/#breadcrumb","itemListElement":[{"@type":"ListItem","position":1,"name":"Home","item":"https:\/\/www.medinic.co.rs\/prodavnica\/"},{"@type":"ListItem","position":2,"name":"Proizvodi","item":"https:\/\/www.medinic.co.rs\/prodavnica\/"},{"@type":"ListItem","position":3,"name":"Medicinske \u010darape bez gume &#8211; Mediko premijum"}]},{"@type":"WebSite","@id":"https:\/\/www.medinic.co.rs\/prodavnica\/#website","url":"https:\/\/www.medinic.co.rs\/prodavnica\/","name":"MEDINIC PRODAVNICA","description":"","publisher":{"@id":"https:\/\/www.medinic.co.rs\/prodavnica\/#organization"},"potentialAction":[{"@type":"SearchAction","target":{"@type":"EntryPoint","urlTemplate":"https:\/\/www.medinic.co.rs\/prodavnica\/?s={search_term_string}"},"query-input":"required name=search_term_string"}],"inLanguage":"sr-RS"},{"@type":"Organization","@id":"https:\/\/www.medinic.co.rs\/prodavnica\/#organization","name":"MEDINIC PRODAVNICA","url":"https:\/\/www.medinic.co.rs\/prodavnica\/","logo":{"@type":"ImageObject","inLanguage":"sr-RS","@id":"https:\/\/www.medinic.co.rs\/prodavnica\/#\/schema\/logo\/image\/","url":"https:\/\/www.medinic.co.rs\/prodavnica\/wp-content\/uploads\/2023\/10\/medinic-logo.svg","contentUrl":"https:\/\/www.medinic.co.rs\/prodavnica\/wp-content\/uploads\/2023\/10\/medinic-logo.svg","width":120,"height":25,"caption":"MEDINIC PRODAVNICA"},"image":{"@id":"https:\/\/www.medinic.co.rs\/prodavnica\/#\/schema\/logo\/image\/"}}]}},"_links":{"self":[{"href":"https:\/\/www.medinic.co.rs\/prodavnica\/wp-json\/wp\/v2\/product\/4834"}],"collection":[{"href":"https:\/\/www.medinic.co.rs\/prodavnica\/wp-json\/wp\/v2\/product"}],"about":[{"href":"https:\/\/www.medinic.co.rs\/prodavnica\/wp-json\/wp\/v2\/types\/product"}],"replies":[{"embeddable":true,"href":"https:\/\/www.medinic.co.rs\/prodavnica\/wp-json\/wp\/v2\/comments?post=4834"}],"wp:featuredmedia":[{"embeddable":true,"href":"https:\/\/www.medinic.co.rs\/prodavnica\/wp-json\/wp\/v2\/media\/7022"}],"wp:attachment":[{"href":"https:\/\/www.medinic.co.rs\/prodavnica\/wp-json\/wp\/v2\/media?parent=4834"}],"wp:term":[{"taxonomy":"product_cat","embeddable":true,"href":"https:\/\/www.medinic.co.rs\/prodavnica\/wp-json\/wp\/v2\/product_cat?post=4834"},{"taxonomy":"product_tag","embeddable":true,"href":"https:\/\/www.medinic.co.rs\/prodavnica\/wp-json\/wp\/v2\/product_tag?post=4834"}],"curies":[{"name":"wp","href":"https:\/\/api.w.org\/{rel}","templated":true}]}}