{"id":7647,"date":"2024-01-17T15:56:22","date_gmt":"2024-01-17T15:56:22","guid":{"rendered":"https:\/\/www.medinic.co.rs\/prodavnica\/?post_type=product&#038;p=7647"},"modified":"2026-03-13T11:46:01","modified_gmt":"2026-03-13T11:46:01","slug":"medicinske-termo-carape","status":"publish","type":"product","link":"https:\/\/www.medinic.co.rs\/prodavnica\/proizvod\/medicinske-termo-carape\/","title":{"rendered":"Medicinske termo \u010darape BEZ GUME"},"content":{"rendered":"<p>Medicinske termo \u010darape bez gume<\/p>\n<p>\u010carape srednje gustog tkanja umesto ranfle u gornjem delu se zavr\u0161avaju sa dupliranim i gu\u0161\u0107im tkanjem, kako bi se izbeglo stezanje i posledi\u010dni uticaj na ve\u0107 kompromitovanu cirkulaciju.<\/p>\n<p>Napravljene su od pamuka 80% i likre 20% u razli\u010ditim veli\u010dinama i bojama.<\/p>\n<p>O\u0161te\u0107enje krvnih sudova i nerava, koje se de\u0161ava kao komplikacija dijabetesa, mo\u017ee da dovede do poreme\u0107aja na nivou ko\u017ee stopala. Ko\u017ea gubi svoju za\u0161titnu funkciju i mo\u017ee da postane suva, krta, podlo\u017ena infekcijama. Na toj bazi \u010de\u0161\u0107e dolazi do stvaranja zadebljanja na petama sa ragadama, zadebljanja ko\u017ee, ulkusa, razli\u010ditih deformiteta stopala, izmene kvaliteta i na\u010dina rasta nokta, kao i sporijeg zarastanja rana. Neophodna je posebna nega stopala, da bi se izbegle komplikacije koje, u najgorem slu\u010daju mogu da dovedu do amputacije.<\/p>\n<p>\u010cesto se ove promene javljaju kao posledica no\u0161enja neadekvaten obu\u0107e ili neadekvatnog hoda.<\/p>\n<p>Obu\u0107a treba da je udobna, odgovaraju\u0107eg broja, po mogu\u0107nosti na pertlanje. Otvorenu obu\u0107u, visoke potpetice, obu\u0107u sa kai\u0161\u010di\u0107ima treba izbegavati. Praktikujte da obu\u0107u kupujete u popodnevnim \u010dasovima kada je stopalo naj\u0161ire.<\/p>\n<p>\u010carape treba da su od najmanje 80% prirodnih materijala (pamuka ili vune). Takav sastav omogu\u0107ava ko\u017ei da di\u0161e, a da se pri tome apsorbuje suvi\u0161na te\u010dnost. Treba izbegavajte najlonske \u010darape i hulahopke.<\/p>\n<p>Na raspolaganju su Vam slede\u0107i brojevi i boje:<\/p>\n<ul>\n<li>43-46 crne, teget i tamno sive<\/li>\n<li>39-42 crvene, tamno zelene, tamno sive, krem, roze, \u017eute . Ograni\u010dene koli\u010dine<\/li>\n<li>35-38 tamno zelene, crne, roze. Ograni\u010dene koli\u010dine<\/li>\n<\/ul>\n","protected":false},"excerpt":{"rendered":"<p>Medicinske termo \u010darape bez gume \u010carape srednje gustog tkanja umesto ranfle u gornjem delu se zavr\u0161avaju sa dupliranim i gu\u0161\u0107im tkanjem, kako bi se izbeglo stezanje i posledi\u010dni uticaj na ve\u0107 kompromitovanu cirkulaciju. Napravljene su od pamuka 80% i likre 20% u razli\u010ditim veli\u010dinama i bojama. O\u0161te\u0107enje krvnih sudova i nerava, koje se de\u0161ava kao [&hellip;]<\/p>\n","protected":false},"featured_media":7665,"comment_status":"open","ping_status":"closed","template":"","meta":{"inline_featured_image":false},"product_cat":[57,59],"product_tag":[],"yoast_head":"<!-- This site is optimized with the Yoast SEO plugin v21.5 - https:\/\/yoast.com\/wordpress\/plugins\/seo\/ -->\n<title>Medicinske termo \u010darape BEZ GUME - MEDINIC PRODAVNICA<\/title>\n<meta name=\"robots\" content=\"index, follow, max-snippet:-1, max-image-preview:large, max-video-preview:-1\" \/>\n<link rel=\"canonical\" href=\"https:\/\/www.medinic.co.rs\/prodavnica\/proizvod\/medicinske-termo-carape\/\" \/>\n<meta property=\"og:locale\" content=\"sr_RS\" \/>\n<meta property=\"og:type\" content=\"article\" \/>\n<meta property=\"og:title\" content=\"Medicinske termo \u010darape BEZ GUME - MEDINIC PRODAVNICA\" \/>\n<meta property=\"og:description\" content=\"Medicinske termo \u010darape bez gume \u010carape srednje gustog tkanja umesto ranfle u gornjem delu se zavr\u0161avaju sa dupliranim i gu\u0161\u0107im tkanjem, kako bi se izbeglo stezanje i posledi\u010dni uticaj na ve\u0107 kompromitovanu cirkulaciju. Napravljene su od pamuka 80% i likre 20% u razli\u010ditim veli\u010dinama i bojama. O\u0161te\u0107enje krvnih sudova i nerava, koje se de\u0161ava kao [&hellip;]\" \/>\n<meta property=\"og:url\" content=\"https:\/\/www.medinic.co.rs\/prodavnica\/proizvod\/medicinske-termo-carape\/\" \/>\n<meta property=\"og:site_name\" content=\"MEDINIC PRODAVNICA\" \/>\n<meta property=\"article:modified_time\" content=\"2026-03-13T11:46:01+00:00\" \/>\n<meta property=\"og:image\" content=\"https:\/\/www.medinic.co.rs\/prodavnica\/wp-content\/uploads\/2024\/01\/dsc_2383.jpg\" \/>\n\t<meta property=\"og:image:width\" content=\"600\" \/>\n\t<meta property=\"og:image:height\" content=\"900\" \/>\n\t<meta property=\"og:image:type\" content=\"image\/jpeg\" \/>\n<meta name=\"twitter:card\" content=\"summary_large_image\" \/>\n<meta name=\"twitter:label1\" content=\"Procenjeno vreme \u010ditanja\" \/>\n\t<meta name=\"twitter:data1\" content=\"2 minuta\" \/>\n<script type=\"application\/ld+json\" class=\"yoast-schema-graph\">{\"@context\":\"https:\/\/schema.org\",\"@graph\":[{\"@type\":\"WebPage\",\"@id\":\"https:\/\/www.medinic.co.rs\/prodavnica\/proizvod\/medicinske-termo-carape\/\",\"url\":\"https:\/\/www.medinic.co.rs\/prodavnica\/proizvod\/medicinske-termo-carape\/\",\"name\":\"Medicinske termo \u010darape BEZ GUME - MEDINIC PRODAVNICA\",\"isPartOf\":{\"@id\":\"https:\/\/www.medinic.co.rs\/prodavnica\/#website\"},\"datePublished\":\"2024-01-17T15:56:22+00:00\",\"dateModified\":\"2026-03-13T11:46:01+00:00\",\"breadcrumb\":{\"@id\":\"https:\/\/www.medinic.co.rs\/prodavnica\/proizvod\/medicinske-termo-carape\/#breadcrumb\"},\"inLanguage\":\"sr-RS\",\"potentialAction\":[{\"@type\":\"ReadAction\",\"target\":[\"https:\/\/www.medinic.co.rs\/prodavnica\/proizvod\/medicinske-termo-carape\/\"]}]},{\"@type\":\"BreadcrumbList\",\"@id\":\"https:\/\/www.medinic.co.rs\/prodavnica\/proizvod\/medicinske-termo-carape\/#breadcrumb\",\"itemListElement\":[{\"@type\":\"ListItem\",\"position\":1,\"name\":\"Home\",\"item\":\"https:\/\/www.medinic.co.rs\/prodavnica\/\"},{\"@type\":\"ListItem\",\"position\":2,\"name\":\"Proizvodi\",\"item\":\"https:\/\/www.medinic.co.rs\/prodavnica\/\"},{\"@type\":\"ListItem\",\"position\":3,\"name\":\"Medicinske termo \u010darape BEZ GUME\"}]},{\"@type\":\"WebSite\",\"@id\":\"https:\/\/www.medinic.co.rs\/prodavnica\/#website\",\"url\":\"https:\/\/www.medinic.co.rs\/prodavnica\/\",\"name\":\"MEDINIC PRODAVNICA\",\"description\":\"\",\"publisher\":{\"@id\":\"https:\/\/www.medinic.co.rs\/prodavnica\/#organization\"},\"potentialAction\":[{\"@type\":\"SearchAction\",\"target\":{\"@type\":\"EntryPoint\",\"urlTemplate\":\"https:\/\/www.medinic.co.rs\/prodavnica\/?s={search_term_string}\"},\"query-input\":\"required name=search_term_string\"}],\"inLanguage\":\"sr-RS\"},{\"@type\":\"Organization\",\"@id\":\"https:\/\/www.medinic.co.rs\/prodavnica\/#organization\",\"name\":\"MEDINIC PRODAVNICA\",\"url\":\"https:\/\/www.medinic.co.rs\/prodavnica\/\",\"logo\":{\"@type\":\"ImageObject\",\"inLanguage\":\"sr-RS\",\"@id\":\"https:\/\/www.medinic.co.rs\/prodavnica\/#\/schema\/logo\/image\/\",\"url\":\"https:\/\/www.medinic.co.rs\/prodavnica\/wp-content\/uploads\/2023\/10\/medinic-logo.svg\",\"contentUrl\":\"https:\/\/www.medinic.co.rs\/prodavnica\/wp-content\/uploads\/2023\/10\/medinic-logo.svg\",\"width\":120,\"height\":25,\"caption\":\"MEDINIC PRODAVNICA\"},\"image\":{\"@id\":\"https:\/\/www.medinic.co.rs\/prodavnica\/#\/schema\/logo\/image\/\"}}]}<\/script>\n<!-- \/ Yoast SEO plugin. -->","yoast_head_json":{"title":"Medicinske termo \u010darape BEZ GUME - MEDINIC PRODAVNICA","robots":{"index":"index","follow":"follow","max-snippet":"max-snippet:-1","max-image-preview":"max-image-preview:large","max-video-preview":"max-video-preview:-1"},"canonical":"https:\/\/www.medinic.co.rs\/prodavnica\/proizvod\/medicinske-termo-carape\/","og_locale":"sr_RS","og_type":"article","og_title":"Medicinske termo \u010darape BEZ GUME - MEDINIC PRODAVNICA","og_description":"Medicinske termo \u010darape bez gume \u010carape srednje gustog tkanja umesto ranfle u gornjem delu se zavr\u0161avaju sa dupliranim i gu\u0161\u0107im tkanjem, kako bi se izbeglo stezanje i posledi\u010dni uticaj na ve\u0107 kompromitovanu cirkulaciju. Napravljene su od pamuka 80% i likre 20% u razli\u010ditim veli\u010dinama i bojama. O\u0161te\u0107enje krvnih sudova i nerava, koje se de\u0161ava kao [&hellip;]","og_url":"https:\/\/www.medinic.co.rs\/prodavnica\/proizvod\/medicinske-termo-carape\/","og_site_name":"MEDINIC PRODAVNICA","article_modified_time":"2026-03-13T11:46:01+00:00","og_image":[{"width":600,"height":900,"url":"https:\/\/www.medinic.co.rs\/prodavnica\/wp-content\/uploads\/2024\/01\/dsc_2383.jpg","type":"image\/jpeg"}],"twitter_card":"summary_large_image","twitter_misc":{"Procenjeno vreme \u010ditanja":"2 minuta"},"schema":{"@context":"https:\/\/schema.org","@graph":[{"@type":"WebPage","@id":"https:\/\/www.medinic.co.rs\/prodavnica\/proizvod\/medicinske-termo-carape\/","url":"https:\/\/www.medinic.co.rs\/prodavnica\/proizvod\/medicinske-termo-carape\/","name":"Medicinske termo \u010darape BEZ GUME - MEDINIC PRODAVNICA","isPartOf":{"@id":"https:\/\/www.medinic.co.rs\/prodavnica\/#website"},"datePublished":"2024-01-17T15:56:22+00:00","dateModified":"2026-03-13T11:46:01+00:00","breadcrumb":{"@id":"https:\/\/www.medinic.co.rs\/prodavnica\/proizvod\/medicinske-termo-carape\/#breadcrumb"},"inLanguage":"sr-RS","potentialAction":[{"@type":"ReadAction","target":["https:\/\/www.medinic.co.rs\/prodavnica\/proizvod\/medicinske-termo-carape\/"]}]},{"@type":"BreadcrumbList","@id":"https:\/\/www.medinic.co.rs\/prodavnica\/proizvod\/medicinske-termo-carape\/#breadcrumb","itemListElement":[{"@type":"ListItem","position":1,"name":"Home","item":"https:\/\/www.medinic.co.rs\/prodavnica\/"},{"@type":"ListItem","position":2,"name":"Proizvodi","item":"https:\/\/www.medinic.co.rs\/prodavnica\/"},{"@type":"ListItem","position":3,"name":"Medicinske termo \u010darape BEZ GUME"}]},{"@type":"WebSite","@id":"https:\/\/www.medinic.co.rs\/prodavnica\/#website","url":"https:\/\/www.medinic.co.rs\/prodavnica\/","name":"MEDINIC PRODAVNICA","description":"","publisher":{"@id":"https:\/\/www.medinic.co.rs\/prodavnica\/#organization"},"potentialAction":[{"@type":"SearchAction","target":{"@type":"EntryPoint","urlTemplate":"https:\/\/www.medinic.co.rs\/prodavnica\/?s={search_term_string}"},"query-input":"required name=search_term_string"}],"inLanguage":"sr-RS"},{"@type":"Organization","@id":"https:\/\/www.medinic.co.rs\/prodavnica\/#organization","name":"MEDINIC PRODAVNICA","url":"https:\/\/www.medinic.co.rs\/prodavnica\/","logo":{"@type":"ImageObject","inLanguage":"sr-RS","@id":"https:\/\/www.medinic.co.rs\/prodavnica\/#\/schema\/logo\/image\/","url":"https:\/\/www.medinic.co.rs\/prodavnica\/wp-content\/uploads\/2023\/10\/medinic-logo.svg","contentUrl":"https:\/\/www.medinic.co.rs\/prodavnica\/wp-content\/uploads\/2023\/10\/medinic-logo.svg","width":120,"height":25,"caption":"MEDINIC PRODAVNICA"},"image":{"@id":"https:\/\/www.medinic.co.rs\/prodavnica\/#\/schema\/logo\/image\/"}}]}},"_links":{"self":[{"href":"https:\/\/www.medinic.co.rs\/prodavnica\/wp-json\/wp\/v2\/product\/7647"}],"collection":[{"href":"https:\/\/www.medinic.co.rs\/prodavnica\/wp-json\/wp\/v2\/product"}],"about":[{"href":"https:\/\/www.medinic.co.rs\/prodavnica\/wp-json\/wp\/v2\/types\/product"}],"replies":[{"embeddable":true,"href":"https:\/\/www.medinic.co.rs\/prodavnica\/wp-json\/wp\/v2\/comments?post=7647"}],"wp:featuredmedia":[{"embeddable":true,"href":"https:\/\/www.medinic.co.rs\/prodavnica\/wp-json\/wp\/v2\/media\/7665"}],"wp:attachment":[{"href":"https:\/\/www.medinic.co.rs\/prodavnica\/wp-json\/wp\/v2\/media?parent=7647"}],"wp:term":[{"taxonomy":"product_cat","embeddable":true,"href":"https:\/\/www.medinic.co.rs\/prodavnica\/wp-json\/wp\/v2\/product_cat?post=7647"},{"taxonomy":"product_tag","embeddable":true,"href":"https:\/\/www.medinic.co.rs\/prodavnica\/wp-json\/wp\/v2\/product_tag?post=7647"}],"curies":[{"name":"wp","href":"https:\/\/api.w.org\/{rel}","templated":true}]}}