{"id":8408,"date":"2024-10-10T11:59:27","date_gmt":"2024-10-10T11:59:27","guid":{"rendered":"https:\/\/www.medinic.co.rs\/prodavnica\/?post_type=product&#038;p=8408"},"modified":"2026-02-03T13:00:16","modified_gmt":"2026-02-03T13:00:16","slug":"kontrolni-rastvor-contour-plus-niske-i-visoke-koncentracije","status":"publish","type":"product","link":"https:\/\/www.medinic.co.rs\/prodavnica\/proizvod\/kontrolni-rastvor-contour-plus-niske-i-visoke-koncentracije\/","title":{"rendered":"Kontrolni rastvori Contour\u00ae Plus niske i visoke koncentracije glukoze"},"content":{"rendered":"<p><strong>Kontrolni rastvor Contour\u00ae Plus<\/strong><\/p>\n<p>Ukoliko tokom kori\u0161\u0107enja aparata Contour\u00ae Plus, Contour\u00ae Plus One ili Contour\u00ae Plus Elite posumnjate da aparat ne radi ispravno ili vi\u0161e puta dobijete neo\u010dekivan rezultat merenja glukoze u krvi, imate mogu\u0107nost da proverite aparat kontrolnim rastvorima.<\/p>\n<p>Kontrolni rastvori Contour\u00ae Plus su vodeni rastvori koji sadr\u017ee ta\u010dno utvr\u0111enu koncentraciju glukoze. Dostupni su sa normalnom, niskom i visokom koncentracijom i prodaju se nezavisno od aparata Contour\u00ae Plus.<\/p>\n<p>Kontrolni rastvori se \u010duvaju na temperaturi od 9-30\u00b0 C. Kad god aparat, odnosno trake premestite u sredinu sa druga\u010dijom temperaturom, ostavite ih 20 minuta da se prilagode novoj temperaturi pre nego \u0161to obavite kontrolno merenje.\u00a0 Aparat Contour\u00ae Plus mo\u017eete testirati kontrolnim rastvorom kada je temperatura od 15-35\u00b0 C.<\/p>\n<p>Uvek koristite kontrolne rastvore Contour\u00ae Plus, druge robne marke mogu da daju neta\u010dne rezultate.<\/p>\n<p>Pre kori\u0161\u010denja dobro promu\u0107kajte bo\u010dicu sa rastvorom, pribli\u017eno 15 puta. Izvadite Contour\u00ae Plus test traku iz bo\u010dice i odmah zatvorite bo\u010dicu kao i prilikom svakog redovnog merenja glukoze.<\/p>\n<p>Stavite tra\u010dicu sa sivim delom u aparat, kao \u0161to je navedeno u uputstvu, zatim otvorite bo\u010dicu sa rastvorom i ubrusom izbri\u0161ite tragove rastvora sa vrha bo\u010dice, zatim istisnite jednu kap rastvora na neupijaju\u0107u povr\u0161inu i odmah zatim prinesite aparat sa tra\u010dicom i vrhom trake dodirnite kapljicu rastvora. Kada se oglasi aparat, sa\u010dekajte da aparat odbroji 5 sekundi kada \u0107ete dobiti rezultat kontrolnog merenja.<\/p>\n<p>Rezultate kontrolnog merenja uporedite sa kontrolnim opsezima koji su navedeni na etiketi bo\u010dice ili kutiji test traka Contour\u00ae plus.<\/p>\n<p>Ukoliko je dobijeni rezultat izvan navedenog opsega, mogu\u0107e je da postoji problem sa test trakama, aparatom ili tehnikom merenja. U ovom slu\u010daju nemojte koristiti aparat dok ne re\u0161ite problem. Pa\u017eljivo pro\u010ditajte uputstvo za upotrebu koje ste dobili uz aparat ili se obratite Korisni\u010dkoj slu\u017ebi.<\/p>\n<p>Detaljan opis sa ilustracijama mo\u017eete pogledati u uputstvu koje ste dobili uz aparat.<\/p>\n<p>&nbsp;<\/p>\n<p>&nbsp;<\/p>\n","protected":false},"excerpt":{"rendered":"<p><strong>Kontrolni rastvor Contour\u00ae Plus<\/strong><\/p>\n<p>Ukoliko tokom kori\u0161\u0107enja aparata Contour\u00ae Plus, Contour\u00ae Plus One ili Contour\u00ae Plus Elite posumnjate da aparat ne radi ispravno ili vi\u0161e puta dobijete neo\u010dekivan rezultat merenja glukoze u krvi, imate mogu\u0107nost da proverite aparat kontrolnim rastvorima.<\/p>\n<p>Kontrolni rastvori Contour\u00ae Plus su vodeni rastvori koji sadr\u017ee ta\u010dno utvr\u0111enu koncentraciju glukoze.<\/p>\n<p>U paketu: 2 bo\u010dice rastvora &#8222;L&#8220; i &#8222;H&#8220; po 2,5ml<\/p>\n","protected":false},"featured_media":8440,"comment_status":"open","ping_status":"closed","template":"","meta":{"inline_featured_image":false},"product_cat":[22,30,27],"product_tag":[],"yoast_head":"<!-- This site is optimized with the Yoast SEO plugin v21.5 - https:\/\/yoast.com\/wordpress\/plugins\/seo\/ -->\n<title>Kontrolni rastvori Contour\u00ae Plus niske i visoke koncentracije glukoze - MEDINIC PRODAVNICA<\/title>\n<meta name=\"robots\" content=\"index, follow, max-snippet:-1, max-image-preview:large, max-video-preview:-1\" \/>\n<link rel=\"canonical\" href=\"https:\/\/www.medinic.co.rs\/prodavnica\/proizvod\/kontrolni-rastvor-contour-plus-niske-i-visoke-koncentracije\/\" \/>\n<meta property=\"og:locale\" content=\"sr_RS\" \/>\n<meta property=\"og:type\" content=\"article\" \/>\n<meta property=\"og:title\" content=\"Kontrolni rastvori Contour\u00ae Plus niske i visoke koncentracije glukoze - MEDINIC PRODAVNICA\" \/>\n<meta property=\"og:description\" content=\"Kontrolni rastvor Contour\u00ae Plus  Ukoliko tokom kori\u0161\u0107enja aparata Contour\u00ae Plus, Contour\u00ae Plus One ili Contour\u00ae Plus Elite posumnjate da aparat ne radi ispravno ili vi\u0161e puta dobijete neo\u010dekivan rezultat merenja glukoze u krvi, imate mogu\u0107nost da proverite aparat kontrolnim rastvorima.  Kontrolni rastvori Contour\u00ae Plus su vodeni rastvori koji sadr\u017ee ta\u010dno utvr\u0111enu koncentraciju glukoze.  U paketu: 2 bo\u010dice rastvora &quot;L&quot; i &quot;H&quot; po 2,5ml\" \/>\n<meta property=\"og:url\" content=\"https:\/\/www.medinic.co.rs\/prodavnica\/proizvod\/kontrolni-rastvor-contour-plus-niske-i-visoke-koncentracije\/\" \/>\n<meta property=\"og:site_name\" content=\"MEDINIC PRODAVNICA\" \/>\n<meta property=\"article:modified_time\" content=\"2026-02-03T13:00:16+00:00\" \/>\n<meta property=\"og:image\" content=\"https:\/\/www.medinic.co.rs\/prodavnica\/wp-content\/uploads\/2024\/10\/1729775444173.jpg\" \/>\n\t<meta property=\"og:image:width\" content=\"791\" \/>\n\t<meta property=\"og:image:height\" content=\"1102\" \/>\n\t<meta property=\"og:image:type\" content=\"image\/jpeg\" \/>\n<meta name=\"twitter:card\" content=\"summary_large_image\" \/>\n<meta name=\"twitter:label1\" content=\"Procenjeno vreme \u010ditanja\" \/>\n\t<meta name=\"twitter:data1\" content=\"2 minuta\" \/>\n<script type=\"application\/ld+json\" class=\"yoast-schema-graph\">{\"@context\":\"https:\/\/schema.org\",\"@graph\":[{\"@type\":\"WebPage\",\"@id\":\"https:\/\/www.medinic.co.rs\/prodavnica\/proizvod\/kontrolni-rastvor-contour-plus-niske-i-visoke-koncentracije\/\",\"url\":\"https:\/\/www.medinic.co.rs\/prodavnica\/proizvod\/kontrolni-rastvor-contour-plus-niske-i-visoke-koncentracije\/\",\"name\":\"Kontrolni rastvori Contour\u00ae Plus niske i visoke koncentracije glukoze - MEDINIC PRODAVNICA\",\"isPartOf\":{\"@id\":\"https:\/\/www.medinic.co.rs\/prodavnica\/#website\"},\"datePublished\":\"2024-10-10T11:59:27+00:00\",\"dateModified\":\"2026-02-03T13:00:16+00:00\",\"breadcrumb\":{\"@id\":\"https:\/\/www.medinic.co.rs\/prodavnica\/proizvod\/kontrolni-rastvor-contour-plus-niske-i-visoke-koncentracije\/#breadcrumb\"},\"inLanguage\":\"sr-RS\",\"potentialAction\":[{\"@type\":\"ReadAction\",\"target\":[\"https:\/\/www.medinic.co.rs\/prodavnica\/proizvod\/kontrolni-rastvor-contour-plus-niske-i-visoke-koncentracije\/\"]}]},{\"@type\":\"BreadcrumbList\",\"@id\":\"https:\/\/www.medinic.co.rs\/prodavnica\/proizvod\/kontrolni-rastvor-contour-plus-niske-i-visoke-koncentracije\/#breadcrumb\",\"itemListElement\":[{\"@type\":\"ListItem\",\"position\":1,\"name\":\"Home\",\"item\":\"https:\/\/www.medinic.co.rs\/prodavnica\/\"},{\"@type\":\"ListItem\",\"position\":2,\"name\":\"Proizvodi\",\"item\":\"https:\/\/www.medinic.co.rs\/prodavnica\/\"},{\"@type\":\"ListItem\",\"position\":3,\"name\":\"Kontrolni rastvori Contour\u00ae Plus niske i visoke koncentracije glukoze\"}]},{\"@type\":\"WebSite\",\"@id\":\"https:\/\/www.medinic.co.rs\/prodavnica\/#website\",\"url\":\"https:\/\/www.medinic.co.rs\/prodavnica\/\",\"name\":\"MEDINIC PRODAVNICA\",\"description\":\"\",\"publisher\":{\"@id\":\"https:\/\/www.medinic.co.rs\/prodavnica\/#organization\"},\"potentialAction\":[{\"@type\":\"SearchAction\",\"target\":{\"@type\":\"EntryPoint\",\"urlTemplate\":\"https:\/\/www.medinic.co.rs\/prodavnica\/?s={search_term_string}\"},\"query-input\":\"required name=search_term_string\"}],\"inLanguage\":\"sr-RS\"},{\"@type\":\"Organization\",\"@id\":\"https:\/\/www.medinic.co.rs\/prodavnica\/#organization\",\"name\":\"MEDINIC PRODAVNICA\",\"url\":\"https:\/\/www.medinic.co.rs\/prodavnica\/\",\"logo\":{\"@type\":\"ImageObject\",\"inLanguage\":\"sr-RS\",\"@id\":\"https:\/\/www.medinic.co.rs\/prodavnica\/#\/schema\/logo\/image\/\",\"url\":\"https:\/\/www.medinic.co.rs\/prodavnica\/wp-content\/uploads\/2023\/10\/medinic-logo.svg\",\"contentUrl\":\"https:\/\/www.medinic.co.rs\/prodavnica\/wp-content\/uploads\/2023\/10\/medinic-logo.svg\",\"width\":120,\"height\":25,\"caption\":\"MEDINIC PRODAVNICA\"},\"image\":{\"@id\":\"https:\/\/www.medinic.co.rs\/prodavnica\/#\/schema\/logo\/image\/\"}}]}<\/script>\n<!-- \/ Yoast SEO plugin. -->","yoast_head_json":{"title":"Kontrolni rastvori Contour\u00ae Plus niske i visoke koncentracije glukoze - MEDINIC PRODAVNICA","robots":{"index":"index","follow":"follow","max-snippet":"max-snippet:-1","max-image-preview":"max-image-preview:large","max-video-preview":"max-video-preview:-1"},"canonical":"https:\/\/www.medinic.co.rs\/prodavnica\/proizvod\/kontrolni-rastvor-contour-plus-niske-i-visoke-koncentracije\/","og_locale":"sr_RS","og_type":"article","og_title":"Kontrolni rastvori Contour\u00ae Plus niske i visoke koncentracije glukoze - MEDINIC PRODAVNICA","og_description":"Kontrolni rastvor Contour\u00ae Plus  Ukoliko tokom kori\u0161\u0107enja aparata Contour\u00ae Plus, Contour\u00ae Plus One ili Contour\u00ae Plus Elite posumnjate da aparat ne radi ispravno ili vi\u0161e puta dobijete neo\u010dekivan rezultat merenja glukoze u krvi, imate mogu\u0107nost da proverite aparat kontrolnim rastvorima.  Kontrolni rastvori Contour\u00ae Plus su vodeni rastvori koji sadr\u017ee ta\u010dno utvr\u0111enu koncentraciju glukoze.  U paketu: 2 bo\u010dice rastvora \"L\" i \"H\" po 2,5ml","og_url":"https:\/\/www.medinic.co.rs\/prodavnica\/proizvod\/kontrolni-rastvor-contour-plus-niske-i-visoke-koncentracije\/","og_site_name":"MEDINIC PRODAVNICA","article_modified_time":"2026-02-03T13:00:16+00:00","og_image":[{"width":791,"height":1102,"url":"https:\/\/www.medinic.co.rs\/prodavnica\/wp-content\/uploads\/2024\/10\/1729775444173.jpg","type":"image\/jpeg"}],"twitter_card":"summary_large_image","twitter_misc":{"Procenjeno vreme \u010ditanja":"2 minuta"},"schema":{"@context":"https:\/\/schema.org","@graph":[{"@type":"WebPage","@id":"https:\/\/www.medinic.co.rs\/prodavnica\/proizvod\/kontrolni-rastvor-contour-plus-niske-i-visoke-koncentracije\/","url":"https:\/\/www.medinic.co.rs\/prodavnica\/proizvod\/kontrolni-rastvor-contour-plus-niske-i-visoke-koncentracije\/","name":"Kontrolni rastvori Contour\u00ae Plus niske i visoke koncentracije glukoze - MEDINIC PRODAVNICA","isPartOf":{"@id":"https:\/\/www.medinic.co.rs\/prodavnica\/#website"},"datePublished":"2024-10-10T11:59:27+00:00","dateModified":"2026-02-03T13:00:16+00:00","breadcrumb":{"@id":"https:\/\/www.medinic.co.rs\/prodavnica\/proizvod\/kontrolni-rastvor-contour-plus-niske-i-visoke-koncentracije\/#breadcrumb"},"inLanguage":"sr-RS","potentialAction":[{"@type":"ReadAction","target":["https:\/\/www.medinic.co.rs\/prodavnica\/proizvod\/kontrolni-rastvor-contour-plus-niske-i-visoke-koncentracije\/"]}]},{"@type":"BreadcrumbList","@id":"https:\/\/www.medinic.co.rs\/prodavnica\/proizvod\/kontrolni-rastvor-contour-plus-niske-i-visoke-koncentracije\/#breadcrumb","itemListElement":[{"@type":"ListItem","position":1,"name":"Home","item":"https:\/\/www.medinic.co.rs\/prodavnica\/"},{"@type":"ListItem","position":2,"name":"Proizvodi","item":"https:\/\/www.medinic.co.rs\/prodavnica\/"},{"@type":"ListItem","position":3,"name":"Kontrolni rastvori Contour\u00ae Plus niske i visoke koncentracije glukoze"}]},{"@type":"WebSite","@id":"https:\/\/www.medinic.co.rs\/prodavnica\/#website","url":"https:\/\/www.medinic.co.rs\/prodavnica\/","name":"MEDINIC PRODAVNICA","description":"","publisher":{"@id":"https:\/\/www.medinic.co.rs\/prodavnica\/#organization"},"potentialAction":[{"@type":"SearchAction","target":{"@type":"EntryPoint","urlTemplate":"https:\/\/www.medinic.co.rs\/prodavnica\/?s={search_term_string}"},"query-input":"required name=search_term_string"}],"inLanguage":"sr-RS"},{"@type":"Organization","@id":"https:\/\/www.medinic.co.rs\/prodavnica\/#organization","name":"MEDINIC PRODAVNICA","url":"https:\/\/www.medinic.co.rs\/prodavnica\/","logo":{"@type":"ImageObject","inLanguage":"sr-RS","@id":"https:\/\/www.medinic.co.rs\/prodavnica\/#\/schema\/logo\/image\/","url":"https:\/\/www.medinic.co.rs\/prodavnica\/wp-content\/uploads\/2023\/10\/medinic-logo.svg","contentUrl":"https:\/\/www.medinic.co.rs\/prodavnica\/wp-content\/uploads\/2023\/10\/medinic-logo.svg","width":120,"height":25,"caption":"MEDINIC PRODAVNICA"},"image":{"@id":"https:\/\/www.medinic.co.rs\/prodavnica\/#\/schema\/logo\/image\/"}}]}},"_links":{"self":[{"href":"https:\/\/www.medinic.co.rs\/prodavnica\/wp-json\/wp\/v2\/product\/8408"}],"collection":[{"href":"https:\/\/www.medinic.co.rs\/prodavnica\/wp-json\/wp\/v2\/product"}],"about":[{"href":"https:\/\/www.medinic.co.rs\/prodavnica\/wp-json\/wp\/v2\/types\/product"}],"replies":[{"embeddable":true,"href":"https:\/\/www.medinic.co.rs\/prodavnica\/wp-json\/wp\/v2\/comments?post=8408"}],"wp:featuredmedia":[{"embeddable":true,"href":"https:\/\/www.medinic.co.rs\/prodavnica\/wp-json\/wp\/v2\/media\/8440"}],"wp:attachment":[{"href":"https:\/\/www.medinic.co.rs\/prodavnica\/wp-json\/wp\/v2\/media?parent=8408"}],"wp:term":[{"taxonomy":"product_cat","embeddable":true,"href":"https:\/\/www.medinic.co.rs\/prodavnica\/wp-json\/wp\/v2\/product_cat?post=8408"},{"taxonomy":"product_tag","embeddable":true,"href":"https:\/\/www.medinic.co.rs\/prodavnica\/wp-json\/wp\/v2\/product_tag?post=8408"}],"curies":[{"name":"wp","href":"https:\/\/api.w.org\/{rel}","templated":true}]}}